{"id":6046,"date":"2018-09-17T12:09:23","date_gmt":"2018-09-17T12:09:23","guid":{"rendered":"https:\/\/arquitectura.uanl.mx\/?page_id=6046"},"modified":"2021-07-30T07:36:10","modified_gmt":"2021-07-30T13:36:10","slug":"sociedades-de-alumnos","status":"publish","type":"page","link":"https:\/\/economia.uanl.mx\/en\/sociedades-de-alumnos\/","title":{"rendered":"Student Council"},"content":{"rendered":"<p><b><span data-contrast=\"auto\">Who Are We?<\/span><\/b><b><span data-contrast=\"auto\">\u00a0<\/span><\/b><\/p>\n<p><span data-contrast=\"auto\">We are an organized team that brings together our creativity, service spirit, teamwork, and love for our school. We focus on carrying out activities that promote respect, integrity, sportsmanship, equity, culture, social responsibility, and comprehensive development within our student community. We aim to foster student entrepreneurship to generate new and better projects that create a positive impact on our surroundings.<\/span><span data-ccp-props=\"{&quot;201341983&quot;:0,&quot;335559739&quot;:200,&quot;335559740&quot;:276}\">\u00a0<\/span><\/p>\n<p><b><span data-contrast=\"auto\">Mission<\/span><\/b><\/p>\n<p>Ser<span data-contrast=\"auto\">\u00a0To be a platform where students can grow professionally and academically, both inside and outside the School. We aim to create opportunities for the creative development of the students who make up our society through teamwork with various internal associations. We seek to create synergy with private industry, strengthen personal and professional ties, and promote participation in the university community.<\/span><span data-ccp-props=\"{&quot;201341983&quot;:0,&quot;335559739&quot;:200,&quot;335559740&quot;:276}\">\u00a0<\/span><\/p>\n<p><b><span data-contrast=\"auto\">Vision<\/span><\/b><\/p>\n<p><span data-contrast=\"auto\">To be a national benchmark for how students from the School of Economics at the Autonomous University of Nuevo Le\u00f3n (UANL) generate high-impact changes in various areas of our environment. Through planning, organization, and execution of our activities, we aim to provide a platform where every young leader\u2014responsible and passionate\u2014can develop their skills and abilities both inside and outside our university.<\/span><span data-ccp-props=\"{&quot;201341983&quot;:0,&quot;335559739&quot;:200,&quot;335559740&quot;:276}\">\u00a0<\/span><\/p>\n<p><b><span data-contrast=\"auto\">Values<\/span><\/b><\/p>\n<p><span data-contrast=\"auto\">Initiative, Conviction, Humility, Social Awareness, Respect, Positive Attitude, Ethics, Perseverance, Consistency, Commitment.<\/span><span data-ccp-props=\"{&quot;201341983&quot;:0,&quot;335559739&quot;:200,&quot;335559740&quot;:276}\">\u00a0<\/span><\/p>\n<p><b><span data-contrast=\"auto\">Team<\/span><\/b><\/p>\n<table data-tablestyle=\"Custom\" data-tablelook=\"0\" aria-rowcount=\"8\">\n<tbody>\n<tr aria-rowindex=\"1\">\n<td data-celllook=\"4369\"><b><span data-contrast=\"none\">Name<\/span><\/b><span data-ccp-props=\"{&quot;201341983&quot;:0,&quot;335551550&quot;:2,&quot;335551620&quot;:2,&quot;335559739&quot;:200,&quot;335559740&quot;:276}\">\u00a0<\/span><\/td>\n<td data-celllook=\"4369\"><b><span data-contrast=\"none\">Position<\/span><\/b><span data-ccp-props=\"{&quot;201341983&quot;:0,&quot;335551550&quot;:2,&quot;335551620&quot;:2,&quot;335559739&quot;:200,&quot;335559740&quot;:276}\">\u00a0<\/span><\/td>\n<td data-celllook=\"4369\"><span data-ccp-props=\"{&quot;201341983&quot;:0,&quot;335551550&quot;:2,&quot;335551620&quot;:2,&quot;335559739&quot;:200,&quot;335559740&quot;:276}\">\u00a0<\/span><\/td>\n<\/tr>\n<tr aria-rowindex=\"2\">\n<td data-celllook=\"4112\">Jos\u00e9 Dante Rodr\u00edguez Cant\u00fa<\/td>\n<td data-celllook=\"4112\"><span data-contrast=\"none\">President<\/span><span data-ccp-props=\"{&quot;201341983&quot;:0,&quot;335551550&quot;:2,&quot;335551620&quot;:2,&quot;335559739&quot;:200,&quot;335559740&quot;:276}\">\u00a0<\/span><\/td>\n<td data-celllook=\"4112\"><\/td>\n<\/tr>\n<tr aria-rowindex=\"3\">\n<td data-celllook=\"0\">Andrea Yareli Esquivel Narro<\/td>\n<td data-celllook=\"0\"><span data-contrast=\"none\">Council Member<\/span><span data-ccp-props=\"{&quot;201341983&quot;:0,&quot;335551550&quot;:2,&quot;335551620&quot;:2,&quot;335559739&quot;:200,&quot;335559740&quot;:276}\">\u00a0<\/span><\/td>\n<td data-celllook=\"0\"><\/td>\n<\/tr>\n<tr aria-rowindex=\"4\">\n<td data-celllook=\"4112\">Daniela Alejandra M\u00e1rquez Caballero<\/td>\n<td data-celllook=\"4112\"><span data-contrast=\"none\">Vice President<\/span><span data-ccp-props=\"{&quot;201341983&quot;:0,&quot;335551550&quot;:2,&quot;335551620&quot;:2,&quot;335559739&quot;:200,&quot;335559740&quot;:276}\">\u00a0<\/span><\/td>\n<td data-celllook=\"4112\"><\/td>\n<\/tr>\n<tr aria-rowindex=\"5\">\n<td data-celllook=\"0\">Jorge Eugenio Moreno Santana<\/td>\n<td data-celllook=\"0\"><span data-contrast=\"none\">Deputy Council Member<\/span><span data-ccp-props=\"{&quot;201341983&quot;:0,&quot;335551550&quot;:2,&quot;335551620&quot;:2,&quot;335559739&quot;:200,&quot;335559740&quot;:276}\">\u00a0<\/span><\/td>\n<td data-celllook=\"0\"><\/td>\n<\/tr>\n<tr aria-rowindex=\"6\">\n<td data-celllook=\"4112\">Karlo Dar\u00edo Abrego Bautista<\/td>\n<td data-celllook=\"4112\"><span data-contrast=\"none\">Treasurer<\/span><span data-ccp-props=\"{&quot;201341983&quot;:0,&quot;335551550&quot;:2,&quot;335551620&quot;:2,&quot;335559739&quot;:200,&quot;335559740&quot;:276}\">\u00a0<\/span><\/td>\n<td data-celllook=\"4112\"><\/td>\n<\/tr>\n<tr aria-rowindex=\"7\">\n<td data-celllook=\"0\">Hiram Osmar Castillo Nava<\/td>\n<td data-celllook=\"0\"><span data-contrast=\"none\">Deputy Treasurer<\/span><span data-ccp-props=\"{&quot;201341983&quot;:0,&quot;335551550&quot;:2,&quot;335551620&quot;:2,&quot;335559739&quot;:200,&quot;335559740&quot;:276}\">\u00a0<\/span><\/td>\n<td data-celllook=\"0\"><\/td>\n<\/tr>\n<tr aria-rowindex=\"8\">\n<td data-celllook=\"4112\">Luis Palomo Palomino<\/td>\n<td data-celllook=\"4112\"><span data-contrast=\"none\">General Secretary<\/span><span data-ccp-props=\"{&quot;201341983&quot;:0,&quot;335551550&quot;:2,&quot;335551620&quot;:2,&quot;335559739&quot;:200,&quot;335559740&quot;:276}\">\u00a0<\/span><\/td>\n<td data-celllook=\"4112\"><\/td>\n<\/tr>\n<\/tbody>\n<\/table>\n<p>&nbsp;<\/p>\n<p><b><span data-contrast=\"auto\">Commissions<\/span><\/b><span data-ccp-props=\"{&quot;201341983&quot;:0,&quot;335559739&quot;:200,&quot;335559740&quot;:276}\">\u00a0<\/span><\/p>\n<table style=\"height: 155px;\" width=\"292\" data-tablestyle=\"Custom\" data-tablelook=\"0\" aria-rowcount=\"5\">\n<tbody>\n<tr aria-rowindex=\"1\">\n<td colspan=\"3\" data-celllook=\"4353\"><b><span data-contrast=\"none\">Culture Commission<\/span><\/b><span data-ccp-props=\"{&quot;201341983&quot;:0,&quot;335551550&quot;:2,&quot;335551620&quot;:2,&quot;335559739&quot;:200,&quot;335559740&quot;:276}\">\u00a0<\/span><\/td>\n<\/tr>\n<tr aria-rowindex=\"2\">\n<td><\/td>\n<td data-celllook=\"4112\"><span data-contrast=\"none\">Name<\/span><span data-ccp-props=\"{&quot;201341983&quot;:0,&quot;335559739&quot;:200,&quot;335559740&quot;:276}\">\u00a0<\/span><\/td>\n<td data-celllook=\"4112\"><\/td>\n<\/tr>\n<tr aria-rowindex=\"3\">\n<td><\/td>\n<td data-celllook=\"0\">Mar\u00eda Fernanda C\u00e1rdenas X<\/td>\n<td data-celllook=\"0\"><span data-ccp-props=\"{&quot;201341983&quot;:0,&quot;335559739&quot;:200,&quot;335559740&quot;:276}\">\u00a0<\/span><\/td>\n<\/tr>\n<tr aria-rowindex=\"4\">\n<td><\/td>\n<td data-celllook=\"4112\">Ersael Adri\u00e1n S\u00e1nchez Reyes<\/td>\n<td data-celllook=\"4112\"><\/td>\n<\/tr>\n<tr aria-rowindex=\"5\">\n<td><\/td>\n<td data-celllook=\"0\">Fernando Emanuel Rangel Lomeli<\/p>\n<p>Oscar Ra\u00fal Salazar Salinas<\/td>\n<td data-celllook=\"0\"><span data-ccp-props=\"{&quot;201341983&quot;:0,&quot;335559739&quot;:200,&quot;335559740&quot;:276}\">\u00a0<\/span><\/td>\n<\/tr>\n<\/tbody>\n<\/table>\n<p>&nbsp;<\/p>\n<table data-tablestyle=\"Custom\" data-tablelook=\"0\" aria-rowcount=\"5\">\n<tbody>\n<tr aria-rowindex=\"1\">\n<td colspan=\"3\" data-celllook=\"4369\"><b><span data-contrast=\"none\">Social Responsibility Commission<\/span><\/b><span data-ccp-props=\"{&quot;201341983&quot;:0,&quot;335551550&quot;:2,&quot;335551620&quot;:2,&quot;335559739&quot;:200,&quot;335559740&quot;:276}\">\u00a0<\/span><\/td>\n<\/tr>\n<tr aria-rowindex=\"2\">\n<td><\/td>\n<td data-celllook=\"4112\"><span data-contrast=\"none\">Name<\/span><span data-ccp-props=\"{&quot;201341983&quot;:0,&quot;335559739&quot;:200,&quot;335559740&quot;:276}\">\u00a0<\/span><\/td>\n<td colspan=\"2\" data-celllook=\"4096\"><\/td>\n<\/tr>\n<tr aria-rowindex=\"3\">\n<td><\/td>\n<td data-celllook=\"0\">Paulina V\u00e1zquez-Mellado Mallno<\/td>\n<td colspan=\"2\" data-celllook=\"0\"><span data-ccp-props=\"{&quot;201341983&quot;:0,&quot;335559739&quot;:200,&quot;335559740&quot;:276}\">\u00a0<\/span><\/td>\n<\/tr>\n<tr aria-rowindex=\"4\">\n<td><\/td>\n<td data-celllook=\"4112\">Samuel Orona Segovia<\/td>\n<td colspan=\"2\" data-celllook=\"4096\"><\/td>\n<\/tr>\n<tr aria-rowindex=\"5\">\n<td><\/td>\n<td data-celllook=\"0\">Karina Hern\u00e1ndez Herrera<\/td>\n<td colspan=\"2\" data-celllook=\"0\"><span data-ccp-props=\"{&quot;201341983&quot;:0,&quot;335559739&quot;:200,&quot;335559740&quot;:276}\">\u00a0<\/span><\/td>\n<\/tr>\n<\/tbody>\n<\/table>\n<p>&nbsp;<\/p>\n<table data-tablestyle=\"Custom\" data-tablelook=\"0\" aria-rowcount=\"5\">\n<tbody>\n<tr aria-rowindex=\"1\">\n<td colspan=\"3\" data-celllook=\"4353\"><b><span data-contrast=\"none\">Academic Commission<\/span><\/b><span data-ccp-props=\"{&quot;201341983&quot;:0,&quot;335551550&quot;:2,&quot;335551620&quot;:2,&quot;335559739&quot;:200,&quot;335559740&quot;:276}\">\u00a0<\/span><\/td>\n<\/tr>\n<tr aria-rowindex=\"2\">\n<td><\/td>\n<td data-celllook=\"4112\"><span data-contrast=\"none\">Name<\/span><span data-ccp-props=\"{&quot;201341983&quot;:0,&quot;335559739&quot;:200,&quot;335559740&quot;:276}\">\u00a0<\/span><\/td>\n<td data-celllook=\"4112\"><\/td>\n<\/tr>\n<tr aria-rowindex=\"3\">\n<td><\/td>\n<td data-celllook=\"0\">Edson Jair N\u00fa\u00f1ez Carvajal<\/td>\n<td data-celllook=\"0\"><\/td>\n<\/tr>\n<tr aria-rowindex=\"4\">\n<td><\/td>\n<td data-celllook=\"4112\">Karen Alejandra Dom\u00ednguez Garza<\/td>\n<td data-celllook=\"4112\"><\/td>\n<\/tr>\n<tr aria-rowindex=\"5\">\n<td><\/td>\n<td data-celllook=\"0\">Elizabeth Herrera Meza<\/p>\n<p>Miguel Alejandro Garc\u00eda Navarro<\/td>\n<td data-celllook=\"0\"><span data-ccp-props=\"{&quot;201341983&quot;:0,&quot;335559739&quot;:200,&quot;335559740&quot;:276}\">\u00a0<\/span><\/td>\n<\/tr>\n<\/tbody>\n<\/table>\n<p>&nbsp;<\/p>\n<table data-tablestyle=\"Custom\" data-tablelook=\"0\" aria-rowcount=\"6\">\n<tbody>\n<tr aria-rowindex=\"1\">\n<td colspan=\"3\" data-celllook=\"4353\"><b><span data-contrast=\"none\">Events Commission<\/span><\/b><span data-ccp-props=\"{&quot;201341983&quot;:0,&quot;335551550&quot;:2,&quot;335551620&quot;:2,&quot;335559739&quot;:200,&quot;335559740&quot;:276}\">\u00a0<\/span><\/td>\n<\/tr>\n<tr aria-rowindex=\"2\">\n<td><\/td>\n<td data-celllook=\"4112\"><span data-contrast=\"none\">Name<\/span><span data-ccp-props=\"{&quot;201341983&quot;:0,&quot;335559739&quot;:200,&quot;335559740&quot;:276}\">\u00a0<\/span><\/td>\n<td data-celllook=\"4112\"><\/td>\n<\/tr>\n<tr aria-rowindex=\"3\">\n<td><\/td>\n<td data-celllook=\"0\">Dariana Gisel Benavides Mier<\/td>\n<td data-celllook=\"0\"><\/td>\n<\/tr>\n<tr aria-rowindex=\"4\">\n<td><\/td>\n<td data-celllook=\"4112\">Eugenio G\u00f3mez Moreno<\/td>\n<td data-celllook=\"4112\"><\/td>\n<\/tr>\n<tr aria-rowindex=\"5\">\n<td><\/td>\n<td data-celllook=\"0\">Mauricio Alejandro Sierra Segovia<\/td>\n<td data-celllook=\"0\"><span data-ccp-props=\"{&quot;201341983&quot;:0,&quot;335559739&quot;:200,&quot;335559740&quot;:276}\">\u00a0<\/span><\/td>\n<\/tr>\n<tr aria-rowindex=\"6\">\n<td><\/td>\n<td data-celllook=\"4112\">Eugenia Diaz Ochoa<\/td>\n<td data-celllook=\"4112\"><span data-ccp-props=\"{&quot;201341983&quot;:0,&quot;335559739&quot;:200,&quot;335559740&quot;:276}\">\u00a0<\/span><\/td>\n<\/tr>\n<\/tbody>\n<\/table>\n<p>&nbsp;<\/p>\n<table data-tablestyle=\"Custom\" data-tablelook=\"0\" aria-rowcount=\"4\">\n<tbody>\n<tr aria-rowindex=\"1\">\n<td colspan=\"3\" data-celllook=\"4353\"><b><span data-contrast=\"none\">Sports Commission<\/span><\/b><span data-ccp-props=\"{&quot;201341983&quot;:0,&quot;335551550&quot;:2,&quot;335551620&quot;:2,&quot;335559739&quot;:200,&quot;335559740&quot;:276}\">\u00a0<\/span><\/td>\n<\/tr>\n<tr aria-rowindex=\"2\">\n<td><\/td>\n<td data-celllook=\"4112\"><span data-contrast=\"none\">Name<\/span><span data-ccp-props=\"{&quot;201341983&quot;:0,&quot;335559739&quot;:200,&quot;335559740&quot;:276}\">\u00a0<\/span><\/td>\n<td data-celllook=\"4112\"><\/td>\n<\/tr>\n<tr aria-rowindex=\"3\">\n<td><\/td>\n<td data-celllook=\"0\">Patricia Alejandra Chapa C\u00e1rdenas<\/td>\n<td data-celllook=\"0\"><span data-ccp-props=\"{&quot;201341983&quot;:0,&quot;335559739&quot;:200,&quot;335559740&quot;:276}\">\u00a0<\/span><\/td>\n<\/tr>\n<tr aria-rowindex=\"4\">\n<td><\/td>\n<td data-celllook=\"4112\">Aldo Alejandro Silva Flores<\/p>\n<p>Diego Castillo Vel\u00e1zquez<\/p>\n<p>Kathya Sofia Villa Diaz<\/td>\n<td data-celllook=\"4112\"><\/td>\n<\/tr>\n<\/tbody>\n<\/table>\n<p>&nbsp;<\/p>\n<table data-tablestyle=\"Custom\" data-tablelook=\"0\" aria-rowcount=\"5\">\n<tbody>\n<tr aria-rowindex=\"1\">\n<td colspan=\"3\" data-celllook=\"4353\"><b><span data-contrast=\"none\">Out-of-State Students Commission<\/span><\/b><span data-ccp-props=\"{&quot;201341983&quot;:0,&quot;335551550&quot;:2,&quot;335551620&quot;:2,&quot;335559739&quot;:200,&quot;335559740&quot;:276}\">\u00a0<\/span><\/td>\n<\/tr>\n<tr aria-rowindex=\"2\">\n<td><\/td>\n<td data-celllook=\"4112\"><span data-contrast=\"none\">Name<\/span><span data-ccp-props=\"{&quot;201341983&quot;:0,&quot;335559739&quot;:200,&quot;335559740&quot;:276}\">\u00a0<\/span><\/td>\n<td data-celllook=\"4112\"><\/td>\n<\/tr>\n<tr aria-rowindex=\"3\">\n<td><\/td>\n<td data-celllook=\"0\">Tania Gisel Rodr\u00edguez Guajardo<\/td>\n<td data-celllook=\"0\"><span data-ccp-props=\"{&quot;201341983&quot;:0,&quot;335559739&quot;:200,&quot;335559740&quot;:276}\">\u00a0<\/span><\/td>\n<\/tr>\n<tr aria-rowindex=\"4\">\n<td><\/td>\n<td data-celllook=\"4112\">Cesar Aldahir Ram\u00edrez De Le\u00f3n<\/td>\n<td data-celllook=\"4112\"><\/td>\n<\/tr>\n<tr aria-rowindex=\"5\">\n<td><\/td>\n<td data-celllook=\"0\">Eva Mar\u00eda Salgado Rodr\u00edguez<\/p>\n<p>Karla Patricia Campos Ortiz<\/td>\n<td data-celllook=\"0\"><\/td>\n<\/tr>\n<\/tbody>\n<\/table>\n<p>&nbsp;<\/p>\n<table data-tablestyle=\"Custom\" data-tablelook=\"0\" aria-rowcount=\"5\">\n<tbody>\n<tr aria-rowindex=\"1\">\n<td colspan=\"3\" data-celllook=\"4353\"><b><span data-contrast=\"none\">Public Relations Commission<\/span><\/b><span data-ccp-props=\"{&quot;201341983&quot;:0,&quot;335551550&quot;:2,&quot;335551620&quot;:2,&quot;335559739&quot;:200,&quot;335559740&quot;:276}\">\u00a0<\/span><\/td>\n<\/tr>\n<tr aria-rowindex=\"2\">\n<td><\/td>\n<td data-celllook=\"4112\"><span data-contrast=\"none\">Name<\/span><span data-ccp-props=\"{&quot;201341983&quot;:0,&quot;335559739&quot;:200,&quot;335559740&quot;:276}\">\u00a0<\/span><\/td>\n<td data-celllook=\"4112\"><span data-ccp-props=\"{&quot;201341983&quot;:0,&quot;335559739&quot;:200,&quot;335559740&quot;:276}\">\u00a0<\/span><\/td>\n<\/tr>\n<tr aria-rowindex=\"3\">\n<td><\/td>\n<td data-celllook=\"0\">Rogelio Silva Gonz\u00e1lez<\/td>\n<td data-celllook=\"0\"><\/td>\n<\/tr>\n<tr aria-rowindex=\"4\">\n<td><\/td>\n<td data-celllook=\"4112\">Jackelyn Paola Valencia Flores<\/td>\n<td data-celllook=\"4112\"><\/td>\n<\/tr>\n<tr aria-rowindex=\"5\">\n<td><\/td>\n<td data-celllook=\"0\">Daniela Elizabeth Diaz Hern\u00e1ndez<\/p>\n<p>Daniela Lucia Guadiana Rodr\u00edguez<\/td>\n<td data-celllook=\"0\"><\/td>\n<\/tr>\n<\/tbody>\n<\/table>\n<p>&nbsp;<\/p>","protected":false},"excerpt":{"rendered":"<p>\u00bfQui\u00e9nes Somos?\u00a0 Somos equipo organizado para unir nuestra creatividad, esp\u00edritu de servicio, trabajo en equipo y amor por nuestra\u202ffacultad, enfocados a realizar actividades que ayuden a fomentar el respeto, la integridad, el deporte, la equidad, la cultura, la responsabilidad social y el desarrollo integral dentro de nuestra comunidad estudiantil e impulsar el\u202femprendimiento de los estudiantes [&hellip;]<\/p>","protected":false},"author":2,"featured_media":0,"parent":0,"menu_order":0,"comment_status":"closed","ping_status":"closed","template":"page-templates\/template_contenido_estandar_page.php","meta":{"footnotes":""},"tags":[262,3964,907,6637,6636,6338],"class_list":["post-6046","page","type-page","status-publish","hentry","tag-facultad-de-economia","tag-facultad-de-economia-de-la-uanl","tag-facultad-de-economia-uanl","tag-sociedad-de-alumnos-facultad-de-economia","tag-sociedad-de-alumnos-faeco","tag-sociedades-de-alumnos-uanl"],"yoast_head":"<!-- This site is optimized with the Yoast SEO plugin v24.8.1 - https:\/\/yoast.com\/wordpress\/plugins\/seo\/ -->\n<title>Sociedad de Alumnos - Facultad de Econom\u00eda UANL<\/title>\n<meta name=\"robots\" content=\"index, follow, max-snippet:-1, max-image-preview:large, max-video-preview:-1\" \/>\n<link rel=\"canonical\" href=\"https:\/\/economia.uanl.mx\/en\/sociedades-de-alumnos\/\" \/>\n<meta property=\"og:locale\" content=\"en_US\" \/>\n<meta property=\"og:type\" content=\"article\" \/>\n<meta property=\"og:title\" content=\"Sociedad de Alumnos - Facultad de Econom\u00eda UANL\" \/>\n<meta property=\"og:description\" content=\"\u00bfQui\u00e9nes Somos?\u00a0 Somos equipo organizado para unir nuestra creatividad, esp\u00edritu de servicio, trabajo en equipo y amor por nuestra\u202ffacultad, enfocados a realizar actividades que ayuden a fomentar el respeto, la integridad, el deporte, la equidad, la cultura, la responsabilidad social y el desarrollo integral dentro de nuestra comunidad estudiantil e impulsar el\u202femprendimiento de los estudiantes [&hellip;]\" \/>\n<meta property=\"og:url\" content=\"https:\/\/economia.uanl.mx\/en\/sociedades-de-alumnos\/\" \/>\n<meta property=\"og:site_name\" content=\"Facultad de Econom\u00eda UANL\" \/>\n<meta property=\"article:publisher\" content=\"https:\/\/www.facebook.com\/FAECO.UANL\/\" \/>\n<meta property=\"article:modified_time\" content=\"2021-07-30T13:36:10+00:00\" \/>\n<meta name=\"twitter:card\" content=\"summary_large_image\" \/>\n<meta name=\"twitter:site\" content=\"@economia_uanl\" \/>\n<meta name=\"twitter:label1\" content=\"Est. reading time\" \/>\n\t<meta name=\"twitter:data1\" content=\"2 minutes\" \/>\n<script type=\"application\/ld+json\" class=\"yoast-schema-graph\">{\"@context\":\"https:\/\/schema.org\",\"@graph\":[{\"@type\":\"WebPage\",\"@id\":\"https:\/\/economia.uanl.mx\/sociedades-de-alumnos\/\",\"url\":\"https:\/\/economia.uanl.mx\/sociedades-de-alumnos\/\",\"name\":\"Sociedad de Alumnos - Facultad de Econom\u00eda UANL\",\"isPartOf\":{\"@id\":\"https:\/\/economia.uanl.mx\/#website\"},\"datePublished\":\"2018-09-17T12:09:23+00:00\",\"dateModified\":\"2021-07-30T13:36:10+00:00\",\"breadcrumb\":{\"@id\":\"https:\/\/economia.uanl.mx\/sociedades-de-alumnos\/#breadcrumb\"},\"inLanguage\":\"en-US\",\"potentialAction\":[{\"@type\":\"ReadAction\",\"target\":[\"https:\/\/economia.uanl.mx\/sociedades-de-alumnos\/\"]}]},{\"@type\":\"BreadcrumbList\",\"@id\":\"https:\/\/economia.uanl.mx\/sociedades-de-alumnos\/#breadcrumb\",\"itemListElement\":[{\"@type\":\"ListItem\",\"position\":1,\"name\":\"Inicio\",\"item\":\"https:\/\/economia.uanl.mx\/\"},{\"@type\":\"ListItem\",\"position\":2,\"name\":\"Sociedad de Alumnos\"}]},{\"@type\":\"WebSite\",\"@id\":\"https:\/\/economia.uanl.mx\/#website\",\"url\":\"https:\/\/economia.uanl.mx\/\",\"name\":\"Facultad de Econom\u00eda UANL\",\"description\":\"UANL\",\"potentialAction\":[{\"@type\":\"SearchAction\",\"target\":{\"@type\":\"EntryPoint\",\"urlTemplate\":\"https:\/\/economia.uanl.mx\/?s={search_term_string}\"},\"query-input\":{\"@type\":\"PropertyValueSpecification\",\"valueRequired\":true,\"valueName\":\"search_term_string\"}}],\"inLanguage\":\"en-US\"}]}<\/script>\n<!-- \/ Yoast SEO plugin. -->","yoast_head_json":{"title":"Sociedad de Alumnos - Facultad de Econom\u00eda UANL","robots":{"index":"index","follow":"follow","max-snippet":"max-snippet:-1","max-image-preview":"max-image-preview:large","max-video-preview":"max-video-preview:-1"},"canonical":"https:\/\/economia.uanl.mx\/en\/sociedades-de-alumnos\/","og_locale":"en_US","og_type":"article","og_title":"Sociedad de Alumnos - Facultad de Econom\u00eda UANL","og_description":"\u00bfQui\u00e9nes Somos?\u00a0 Somos equipo organizado para unir nuestra creatividad, esp\u00edritu de servicio, trabajo en equipo y amor por nuestra\u202ffacultad, enfocados a realizar actividades que ayuden a fomentar el respeto, la integridad, el deporte, la equidad, la cultura, la responsabilidad social y el desarrollo integral dentro de nuestra comunidad estudiantil e impulsar el\u202femprendimiento de los estudiantes [&hellip;]","og_url":"https:\/\/economia.uanl.mx\/en\/sociedades-de-alumnos\/","og_site_name":"Facultad de Econom\u00eda UANL","article_publisher":"https:\/\/www.facebook.com\/FAECO.UANL\/","article_modified_time":"2021-07-30T13:36:10+00:00","twitter_card":"summary_large_image","twitter_site":"@economia_uanl","twitter_misc":{"Est. reading time":"2 minutes"},"schema":{"@context":"https:\/\/schema.org","@graph":[{"@type":"WebPage","@id":"https:\/\/economia.uanl.mx\/sociedades-de-alumnos\/","url":"https:\/\/economia.uanl.mx\/sociedades-de-alumnos\/","name":"Sociedad de Alumnos - Facultad de Econom\u00eda UANL","isPartOf":{"@id":"https:\/\/economia.uanl.mx\/#website"},"datePublished":"2018-09-17T12:09:23+00:00","dateModified":"2021-07-30T13:36:10+00:00","breadcrumb":{"@id":"https:\/\/economia.uanl.mx\/sociedades-de-alumnos\/#breadcrumb"},"inLanguage":"en-US","potentialAction":[{"@type":"ReadAction","target":["https:\/\/economia.uanl.mx\/sociedades-de-alumnos\/"]}]},{"@type":"BreadcrumbList","@id":"https:\/\/economia.uanl.mx\/sociedades-de-alumnos\/#breadcrumb","itemListElement":[{"@type":"ListItem","position":1,"name":"Inicio","item":"https:\/\/economia.uanl.mx\/"},{"@type":"ListItem","position":2,"name":"Sociedad de Alumnos"}]},{"@type":"WebSite","@id":"https:\/\/economia.uanl.mx\/#website","url":"https:\/\/economia.uanl.mx\/","name":"Facultad de Econom\u00eda UANL","description":"UANL","potentialAction":[{"@type":"SearchAction","target":{"@type":"EntryPoint","urlTemplate":"https:\/\/economia.uanl.mx\/?s={search_term_string}"},"query-input":{"@type":"PropertyValueSpecification","valueRequired":true,"valueName":"search_term_string"}}],"inLanguage":"en-US"}]}},"_links":{"self":[{"href":"https:\/\/economia.uanl.mx\/en\/wp-json\/wp\/v2\/pages\/6046","targetHints":{"allow":["GET"]}}],"collection":[{"href":"https:\/\/economia.uanl.mx\/en\/wp-json\/wp\/v2\/pages"}],"about":[{"href":"https:\/\/economia.uanl.mx\/en\/wp-json\/wp\/v2\/types\/page"}],"author":[{"embeddable":true,"href":"https:\/\/economia.uanl.mx\/en\/wp-json\/wp\/v2\/users\/2"}],"replies":[{"embeddable":true,"href":"https:\/\/economia.uanl.mx\/en\/wp-json\/wp\/v2\/comments?post=6046"}],"version-history":[{"count":32,"href":"https:\/\/economia.uanl.mx\/en\/wp-json\/wp\/v2\/pages\/6046\/revisions"}],"predecessor-version":[{"id":45317,"href":"https:\/\/economia.uanl.mx\/en\/wp-json\/wp\/v2\/pages\/6046\/revisions\/45317"}],"wp:attachment":[{"href":"https:\/\/economia.uanl.mx\/en\/wp-json\/wp\/v2\/media?parent=6046"}],"wp:term":[{"taxonomy":"post_tag","embeddable":true,"href":"https:\/\/economia.uanl.mx\/en\/wp-json\/wp\/v2\/tags?post=6046"}],"curies":[{"name":"wp","href":"https:\/\/api.w.org\/{rel}","templated":true}]}}