{"id":46353,"date":"2022-11-04T18:01:39","date_gmt":"2022-11-05T00:01:39","guid":{"rendered":"https:\/\/economia.uanl.mx\/?page_id=46353"},"modified":"2024-05-20T09:28:14","modified_gmt":"2024-05-20T15:28:14","slug":"personal-docente-faeco","status":"publish","type":"page","link":"https:\/\/economia.uanl.mx\/en\/personal-docente-faeco\/","title":{"rendered":"Faculty"},"content":{"rendered":"<p><strong>Meet our academic staff at the School of Economics.<\/strong><\/p>\n<h3><strong><span style=\"color: #000080;\"><a style=\"color: #000080;\" href=\"https:\/\/economia.uanl.mx\/en\/adrian-bolanos-werren\/\" target=\"_blank\" rel=\"noopener noreferrer\">MSc. y M.A. Adri\u00e1n Bola\u00f1os Werren<\/a><\/span><\/strong><\/h3>\n<h3><strong><span style=\"color: #000080;\"><a style=\"color: #000080;\" href=\"https:\/\/economia.uanl.mx\/en\/cesareo-gamez-garza\/\" target=\"_blank\" rel=\"noopener noreferrer\">Dr. Ces\u00e1reo G\u00e1mez Garza<\/a><\/span><\/strong><\/h3>\n<h3><strong><span style=\"color: #000080;\"><a style=\"color: #000080;\" href=\"https:\/\/economia.uanl.mx\/en\/cinthya-guadalupe-caamal-olvera\/\" target=\"_blank\" rel=\"noopener noreferrer\">Dra. Cinthya Guadalupe Caamal Olvera<\/a><\/span><\/strong><\/h3>\n<h3><strong><span style=\"color: #000080;\"><a style=\"color: #000080;\" href=\"https:\/\/economia.uanl.mx\/en\/personal-docente-faeco\/\" target=\"_blank\" rel=\"noopener noreferrer\">Dra. Claudia S\u00e1nchez Vela<\/a><\/span><\/strong><\/h3>\n<h3><strong><a style=\"color: #000080;\" href=\"https:\/\/economia.uanl.mx\/en\/daniel-flores-curiel\/\" target=\"_blank\" rel=\"noopener noreferrer\">Dr. Daniel Flores Curiel<\/a><\/strong><\/h3>\n<h3><strong><span style=\"color: #000080;\"><a style=\"color: #000080;\" href=\"https:\/\/economia.uanl.mx\/en\/edgar-mauricio-luna-dominguez\/\" target=\"_blank\" rel=\"noopener noreferrer\">Dr. Edgar Mauricio Luna Dom\u00ednguez<\/a><\/span><\/strong><\/h3>\n<h3><strong><span style=\"color: #000080;\"><a style=\"color: #000080;\" href=\"https:\/\/economia.uanl.mx\/en\/ernesto-aguayo\/\" target=\"_blank\" rel=\"noopener noreferrer\">Dr. Ernesto Aguayo T\u00e9llez<\/a><\/span><\/strong><\/h3>\n<h3><strong><span style=\"color: #000080;\"><a style=\"color: #000080;\" href=\"https:\/\/economia.uanl.mx\/en\/hilda-dolores-lopez-porras\/\" target=\"_blank\" rel=\"noopener noreferrer\">Lic. Hilda Dolores L\u00f3pez Porras<\/a><\/span><\/strong><\/h3>\n<h3><strong><span style=\"color: #000080;\"><a style=\"color: #000080;\" href=\"https:\/\/economia.uanl.mx\/en\/joana-cecilia-chapa-cantu\/\" target=\"_blank\" rel=\"noopener noreferrer\">Dra. Joana Cecilia Chapa Cant\u00fa<\/a><\/span><\/strong><\/h3>\n<h3><strong><span style=\"color: #000080;\"><a style=\"color: #000080;\" href=\"https:\/\/economia.uanl.mx\/en\/jorge-noel-valero-gil\/\" target=\"_blank\" rel=\"noopener noreferrer\">Dr. Jorge Noel Valero Gil<\/a><\/span><\/strong><\/h3>\n<h3><strong><span style=\"color: #000080;\"><a style=\"color: #000080;\" href=\"https:\/\/economia.uanl.mx\/en\/jorge-omar-moreno-trevino\/\" target=\"_blank\" rel=\"noopener noreferrer\">Dr. Jorge Omar Moreno Trevi\u00f1o<\/a><\/span><\/strong><\/h3>\n<h3><strong><span style=\"color: #000080;\"><a style=\"color: #000080;\" href=\"https:\/\/economia.uanl.mx\/en\/jose-raymundo-galan-gonzalez-2\/\" target=\"_blank\" rel=\"noopener noreferrer\">Dr. Jos\u00e9 Raymundo Gal\u00e1n Gonzalez<\/a><\/span><\/strong><\/h3>\n<h3><strong><a style=\"color: #000080;\" href=\"https:\/\/economia.uanl.mx\/en\/personal-docente-faeco\/\" target=\"_blank\" rel=\"noopener noreferrer\">Dr. Julio C\u00e9sar Arteaga Garc\u00eda<\/a><\/strong><\/h3>\n<h3><strong><a style=\"color: #000080;\" href=\"https:\/\/economia.uanl.mx\/en\/karla-ivonne-ramirez-diaz\/\" target=\"_blank\" rel=\"noopener noreferrer\">Dra. Karla Ivonne Ram\u00edrez D\u00edaz<\/a><\/strong><\/h3>\n<h3><strong><span style=\"color: #000080;\"><a style=\"color: #000080;\" href=\"https:\/\/economia.uanl.mx\/en\/leonardo-torre-cepeda\/\" target=\"_blank\" rel=\"noopener noreferrer\">Dr. Leonardo Torre Cepeda<\/a><\/span><\/strong><\/h3>\n<h3><strong><span style=\"color: #000080;\"><a style=\"color: #000080;\" href=\"https:\/\/economia.uanl.mx\/en\/lorenzo-blanco-gonzalez\/\" target=\"_blank\" rel=\"noopener noreferrer\">Dr. Lorenzo Blanco Gonz\u00e1lez<\/a><\/span><\/strong><\/h3>\n<h3><strong><span style=\"color: #000080;\"><a style=\"color: #000080;\" href=\"https:\/\/economia.uanl.mx\/en\/marco-vinicio-gomez-meza\/\" target=\"_blank\" rel=\"noopener noreferrer\">Dr. Marco Vinicio G\u00f3mez Meza<\/a><\/span><\/strong><\/h3>\n<h3><strong><span style=\"color: #000080;\"><a style=\"color: #000080;\" href=\"https:\/\/economia.uanl.mx\/en\/maria-de-lourdes-trevino-villarreal\/\" target=\"_blank\" rel=\"noopener noreferrer\">Dra. Mar\u00eda de Lourdes Trevi\u00f1o Villarreal<\/a><\/span><\/strong><\/h3>\n<h3><strong><span style=\"color: #000080;\"><a style=\"color: #000080;\" href=\"https:\/\/economia.uanl.mx\/en\/mario-italo-cerutti-pignat\/\" target=\"_blank\" rel=\"noopener noreferrer\">Dr. Mario Italo Cerutti Pignat<\/a><\/span><\/strong><\/h3>\n<h3><strong><a style=\"color: #000080;\" href=\"https:\/\/economia.uanl.mx\/en\/personal-docente-faeco\/\" target=\"_blank\" rel=\"noopener noreferrer\">M.A. Nathan David Smith Carroll<\/a><\/strong><\/h3>\n<h3><strong><span style=\"color: #000080;\"><a style=\"color: #000080;\" href=\"https:\/\/economia.uanl.mx\/en\/personal-docente-faeco\/\" target=\"_blank\" rel=\"noopener noreferrer\">Dr. Pedro Antonio Villezca Becerra<\/a><\/span><\/strong><\/h3>\n<h3><strong><a style=\"color: #000080;\" href=\"https:\/\/economia.uanl.mx\/en\/ponciano-murillo-de-la-torre\/\" target=\"_blank\" rel=\"noopener noreferrer\">M.A. Ponciano Murillo de la Torre<\/a><\/strong><\/h3>\n<h3><strong><span style=\"color: #000080;\"><a style=\"color: #000080;\" href=\"https:\/\/economia.uanl.mx\/en\/roberto-robledo-fava\/\" target=\"_blank\" rel=\"noopener noreferrer\">Dr. Roberto Robledo Fava<\/a><\/span><\/strong><\/h3>\n<h3><strong><a style=\"color: #000080;\" href=\"https:\/\/economia.uanl.mx\/en\/vitaliy-kalashnikov\/\" target=\"_blank\" rel=\"noopener noreferrer\">Dr. Vitaliy Kalashnikov<\/a><\/strong><\/h3>","protected":false},"excerpt":{"rendered":"<p>Nuestro personal docente de la Facultad de Econom\u00eda: MSc. y M.A. Adri\u00e1n Bola\u00f1os Werren Dr. Ces\u00e1reo G\u00e1mez Garza Dra. Cinthya Guadalupe Caamal Olvera Dra. Claudia S\u00e1nchez Vela Dr. Daniel Flores Curiel Dr. Edgar Mauricio Luna Dom\u00ednguez Dr. Ernesto Aguayo T\u00e9llez Lic. Hilda Dolores L\u00f3pez Porras Dra. Joana Cecilia Chapa Cant\u00fa Dr. Jorge Noel Valero Gil [&hellip;]<\/p>","protected":false},"author":172,"featured_media":0,"parent":0,"menu_order":0,"comment_status":"closed","ping_status":"closed","template":"page-templates\/template_contenido_estandar_page.php","meta":{"footnotes":""},"tags":[],"class_list":["post-46353","page","type-page","status-publish","hentry"],"yoast_head":"<!-- This site is optimized with the Yoast SEO plugin v24.8.1 - https:\/\/yoast.com\/wordpress\/plugins\/seo\/ -->\n<title>Docentes - Facultad de Econom\u00eda UANL<\/title>\n<meta name=\"robots\" content=\"index, follow, max-snippet:-1, max-image-preview:large, max-video-preview:-1\" \/>\n<link rel=\"canonical\" href=\"https:\/\/economia.uanl.mx\/en\/personal-docente-faeco\/\" \/>\n<meta property=\"og:locale\" content=\"en_US\" \/>\n<meta property=\"og:type\" content=\"article\" \/>\n<meta property=\"og:title\" content=\"Docentes - Facultad de Econom\u00eda UANL\" \/>\n<meta property=\"og:description\" content=\"Nuestro personal docente de la Facultad de Econom\u00eda: MSc. y M.A. Adri\u00e1n Bola\u00f1os Werren Dr. Ces\u00e1reo G\u00e1mez Garza Dra. Cinthya Guadalupe Caamal Olvera Dra. Claudia S\u00e1nchez Vela Dr. Daniel Flores Curiel Dr. Edgar Mauricio Luna Dom\u00ednguez Dr. Ernesto Aguayo T\u00e9llez Lic. Hilda Dolores L\u00f3pez Porras Dra. Joana Cecilia Chapa Cant\u00fa Dr. Jorge Noel Valero Gil [&hellip;]\" \/>\n<meta property=\"og:url\" content=\"https:\/\/economia.uanl.mx\/en\/personal-docente-faeco\/\" \/>\n<meta property=\"og:site_name\" content=\"Facultad de Econom\u00eda UANL\" \/>\n<meta property=\"article:publisher\" content=\"https:\/\/www.facebook.com\/FAECO.UANL\/\" \/>\n<meta property=\"article:modified_time\" content=\"2024-05-20T15:28:14+00:00\" \/>\n<meta name=\"twitter:card\" content=\"summary_large_image\" \/>\n<meta name=\"twitter:site\" content=\"@economia_uanl\" \/>\n<meta name=\"twitter:label1\" content=\"Est. reading time\" \/>\n\t<meta name=\"twitter:data1\" content=\"1 minute\" \/>\n<script type=\"application\/ld+json\" class=\"yoast-schema-graph\">{\"@context\":\"https:\/\/schema.org\",\"@graph\":[{\"@type\":\"WebPage\",\"@id\":\"https:\/\/economia.uanl.mx\/personal-docente-faeco\/\",\"url\":\"https:\/\/economia.uanl.mx\/personal-docente-faeco\/\",\"name\":\"Docentes - Facultad de Econom\u00eda UANL\",\"isPartOf\":{\"@id\":\"https:\/\/economia.uanl.mx\/#website\"},\"datePublished\":\"2022-11-05T00:01:39+00:00\",\"dateModified\":\"2024-05-20T15:28:14+00:00\",\"breadcrumb\":{\"@id\":\"https:\/\/economia.uanl.mx\/personal-docente-faeco\/#breadcrumb\"},\"inLanguage\":\"en-US\",\"potentialAction\":[{\"@type\":\"ReadAction\",\"target\":[\"https:\/\/economia.uanl.mx\/personal-docente-faeco\/\"]}]},{\"@type\":\"BreadcrumbList\",\"@id\":\"https:\/\/economia.uanl.mx\/personal-docente-faeco\/#breadcrumb\",\"itemListElement\":[{\"@type\":\"ListItem\",\"position\":1,\"name\":\"Inicio\",\"item\":\"https:\/\/economia.uanl.mx\/\"},{\"@type\":\"ListItem\",\"position\":2,\"name\":\"Docentes\"}]},{\"@type\":\"WebSite\",\"@id\":\"https:\/\/economia.uanl.mx\/#website\",\"url\":\"https:\/\/economia.uanl.mx\/\",\"name\":\"Facultad de Econom\u00eda UANL\",\"description\":\"UANL\",\"potentialAction\":[{\"@type\":\"SearchAction\",\"target\":{\"@type\":\"EntryPoint\",\"urlTemplate\":\"https:\/\/economia.uanl.mx\/?s={search_term_string}\"},\"query-input\":{\"@type\":\"PropertyValueSpecification\",\"valueRequired\":true,\"valueName\":\"search_term_string\"}}],\"inLanguage\":\"en-US\"}]}<\/script>\n<!-- \/ Yoast SEO plugin. -->","yoast_head_json":{"title":"Docentes - Facultad de Econom\u00eda UANL","robots":{"index":"index","follow":"follow","max-snippet":"max-snippet:-1","max-image-preview":"max-image-preview:large","max-video-preview":"max-video-preview:-1"},"canonical":"https:\/\/economia.uanl.mx\/en\/personal-docente-faeco\/","og_locale":"en_US","og_type":"article","og_title":"Docentes - Facultad de Econom\u00eda UANL","og_description":"Nuestro personal docente de la Facultad de Econom\u00eda: MSc. y M.A. Adri\u00e1n Bola\u00f1os Werren Dr. Ces\u00e1reo G\u00e1mez Garza Dra. Cinthya Guadalupe Caamal Olvera Dra. Claudia S\u00e1nchez Vela Dr. Daniel Flores Curiel Dr. Edgar Mauricio Luna Dom\u00ednguez Dr. Ernesto Aguayo T\u00e9llez Lic. Hilda Dolores L\u00f3pez Porras Dra. Joana Cecilia Chapa Cant\u00fa Dr. Jorge Noel Valero Gil [&hellip;]","og_url":"https:\/\/economia.uanl.mx\/en\/personal-docente-faeco\/","og_site_name":"Facultad de Econom\u00eda UANL","article_publisher":"https:\/\/www.facebook.com\/FAECO.UANL\/","article_modified_time":"2024-05-20T15:28:14+00:00","twitter_card":"summary_large_image","twitter_site":"@economia_uanl","twitter_misc":{"Est. reading time":"1 minute"},"schema":{"@context":"https:\/\/schema.org","@graph":[{"@type":"WebPage","@id":"https:\/\/economia.uanl.mx\/personal-docente-faeco\/","url":"https:\/\/economia.uanl.mx\/personal-docente-faeco\/","name":"Docentes - Facultad de Econom\u00eda UANL","isPartOf":{"@id":"https:\/\/economia.uanl.mx\/#website"},"datePublished":"2022-11-05T00:01:39+00:00","dateModified":"2024-05-20T15:28:14+00:00","breadcrumb":{"@id":"https:\/\/economia.uanl.mx\/personal-docente-faeco\/#breadcrumb"},"inLanguage":"en-US","potentialAction":[{"@type":"ReadAction","target":["https:\/\/economia.uanl.mx\/personal-docente-faeco\/"]}]},{"@type":"BreadcrumbList","@id":"https:\/\/economia.uanl.mx\/personal-docente-faeco\/#breadcrumb","itemListElement":[{"@type":"ListItem","position":1,"name":"Inicio","item":"https:\/\/economia.uanl.mx\/"},{"@type":"ListItem","position":2,"name":"Docentes"}]},{"@type":"WebSite","@id":"https:\/\/economia.uanl.mx\/#website","url":"https:\/\/economia.uanl.mx\/","name":"Facultad de Econom\u00eda UANL","description":"UANL","potentialAction":[{"@type":"SearchAction","target":{"@type":"EntryPoint","urlTemplate":"https:\/\/economia.uanl.mx\/?s={search_term_string}"},"query-input":{"@type":"PropertyValueSpecification","valueRequired":true,"valueName":"search_term_string"}}],"inLanguage":"en-US"}]}},"_links":{"self":[{"href":"https:\/\/economia.uanl.mx\/en\/wp-json\/wp\/v2\/pages\/46353","targetHints":{"allow":["GET"]}}],"collection":[{"href":"https:\/\/economia.uanl.mx\/en\/wp-json\/wp\/v2\/pages"}],"about":[{"href":"https:\/\/economia.uanl.mx\/en\/wp-json\/wp\/v2\/types\/page"}],"author":[{"embeddable":true,"href":"https:\/\/economia.uanl.mx\/en\/wp-json\/wp\/v2\/users\/172"}],"replies":[{"embeddable":true,"href":"https:\/\/economia.uanl.mx\/en\/wp-json\/wp\/v2\/comments?post=46353"}],"version-history":[{"count":32,"href":"https:\/\/economia.uanl.mx\/en\/wp-json\/wp\/v2\/pages\/46353\/revisions"}],"predecessor-version":[{"id":47356,"href":"https:\/\/economia.uanl.mx\/en\/wp-json\/wp\/v2\/pages\/46353\/revisions\/47356"}],"wp:attachment":[{"href":"https:\/\/economia.uanl.mx\/en\/wp-json\/wp\/v2\/media?parent=46353"}],"wp:term":[{"taxonomy":"post_tag","embeddable":true,"href":"https:\/\/economia.uanl.mx\/en\/wp-json\/wp\/v2\/tags?post=46353"}],"curies":[{"name":"wp","href":"https:\/\/api.w.org\/{rel}","templated":true}]}}