{"id":46134,"date":"2022-10-09T13:54:44","date_gmt":"2022-10-09T19:54:44","guid":{"rendered":"https:\/\/economia.uanl.mx\/?page_id=46134"},"modified":"2024-02-28T10:13:33","modified_gmt":"2024-02-28T16:13:33","slug":"edgar-mauricio-luna-dominguez","status":"publish","type":"page","link":"https:\/\/economia.uanl.mx\/en\/edgar-mauricio-luna-dominguez\/","title":{"rendered":"Edgar Mauricio Luna Dom\u00ednguez"},"content":{"rendered":"<p><span style=\"color: #bf1823;\"><strong>Doctorado en Econom\u00eda <\/strong><\/span><\/p>\n<p>&nbsp;<\/p>\n<h2 style=\"text-align: left;\"><strong> L\u00edneas de Investigaci\u00f3n\u00a0<\/strong><\/h2>\n<p><span data-contrast=\"auto\"> Crecimiento Econ\u00f3mico<\/span><\/p>\n<p><span data-contrast=\"auto\">Finanzas P\u00fablicas<\/span><\/p>\n<p><span data-contrast=\"auto\">Econometr\u00eda Intermedia<\/span><\/p>\n<p><span data-contrast=\"auto\">Econometr\u00eda Avanzada<\/span><\/p>\n<p><span data-contrast=\"auto\">Miner\u00eda de Datos.\u202f<\/span><span data-ccp-props=\"{&quot;201341983&quot;:0,&quot;335559739&quot;:200,&quot;335559740&quot;:276}\">\u00a0<\/span><!--more--><!--more--><\/p>\n<p><b><\/b><span data-ccp-props=\"{&quot;201341983&quot;:0,&quot;335559738&quot;:175,&quot;335559739&quot;:160,&quot;335559740&quot;:259}\">\u00a0<\/span><\/p>\n<h2 style=\"text-align: left;\"><strong> Nombramientos<\/strong><\/h2>\n<ul>\n<li data-leveltext=\"\uf0a7\" data-font=\"Wingdings\" data-listid=\"1\" aria-setsize=\"-1\" data-aria-posinset=\"0\" data-aria-level=\"1\"><span data-contrast=\"none\">Investigador Nacional SNI Nivel Candidato<\/span><span data-ccp-props=\"{&quot;201341983&quot;:1,&quot;335559685&quot;:284,&quot;335559738&quot;:233,&quot;335559739&quot;:0,&quot;335559740&quot;:240,&quot;335559991&quot;:166}\">\u00a0<\/span><\/li>\n<li data-leveltext=\"\uf0a7\" data-font=\"Wingdings\" data-listid=\"1\" aria-setsize=\"-1\" data-aria-posinset=\"0\" data-aria-level=\"1\"><span data-contrast=\"none\">Profesor Universitario Perfil PRODEP\u202f <\/span><span data-ccp-props=\"{&quot;201341983&quot;:1,&quot;335559685&quot;:284,&quot;335559738&quot;:233,&quot;335559739&quot;:0,&quot;335559740&quot;:240,&quot;335559991&quot;:166}\">\u00a0<\/span><\/li>\n<\/ul>\n<p>&nbsp;<\/p>\n<h2 style=\"text-align: left;\"><strong>Cuerpo Acad\u00e9mico<\/strong><\/h2>\n<p><span data-contrast=\"auto\">Family and Business Economics<\/span><\/p>","protected":false},"excerpt":{"rendered":"<p>Doctorado en Econom\u00eda &nbsp; L\u00edneas de Investigaci\u00f3n\u00a0 Crecimiento Econ\u00f3mico Finanzas P\u00fablicas Econometr\u00eda Intermedia Econometr\u00eda Avanzada Miner\u00eda de Datos.\u202f\u00a0<\/p>","protected":false},"author":21,"featured_media":47097,"parent":0,"menu_order":0,"comment_status":"closed","ping_status":"closed","template":"page-templates\/template_contenido_estandar_page.php","meta":{"footnotes":""},"tags":[],"class_list":["post-46134","page","type-page","status-publish","has-post-thumbnail","hentry"],"yoast_head":"<!-- This site is optimized with the Yoast SEO plugin v24.8.1 - https:\/\/yoast.com\/wordpress\/plugins\/seo\/ -->\n<title>Edgar Mauricio Luna Dom\u00ednguez - Facultad de Econom\u00eda UANL<\/title>\n<meta name=\"robots\" content=\"index, follow, max-snippet:-1, max-image-preview:large, max-video-preview:-1\" \/>\n<link rel=\"canonical\" href=\"https:\/\/economia.uanl.mx\/en\/edgar-mauricio-luna-dominguez\/\" \/>\n<meta property=\"og:locale\" content=\"en_US\" \/>\n<meta property=\"og:type\" content=\"article\" \/>\n<meta property=\"og:title\" content=\"Edgar Mauricio Luna Dom\u00ednguez - Facultad de Econom\u00eda UANL\" \/>\n<meta property=\"og:description\" content=\"Doctorado en Econom\u00eda &nbsp; L\u00edneas de Investigaci\u00f3n\u00a0 Crecimiento Econ\u00f3mico Finanzas P\u00fablicas Econometr\u00eda Intermedia Econometr\u00eda Avanzada Miner\u00eda de Datos.\u202f\u00a0\" \/>\n<meta property=\"og:url\" content=\"https:\/\/economia.uanl.mx\/en\/edgar-mauricio-luna-dominguez\/\" \/>\n<meta property=\"og:site_name\" content=\"Facultad de Econom\u00eda UANL\" \/>\n<meta property=\"article:publisher\" content=\"https:\/\/www.facebook.com\/FAECO.UANL\/\" \/>\n<meta property=\"article:modified_time\" content=\"2024-02-28T16:13:33+00:00\" \/>\n<meta property=\"og:image\" content=\"https:\/\/economia.uanl.mx\/wp-content\/uploads\/2024\/02\/5-2.jpg\" \/>\n\t<meta property=\"og:image:width\" content=\"640\" \/>\n\t<meta property=\"og:image:height\" content=\"960\" \/>\n\t<meta property=\"og:image:type\" content=\"image\/jpeg\" \/>\n<meta name=\"twitter:card\" content=\"summary_large_image\" \/>\n<meta name=\"twitter:site\" content=\"@economia_uanl\" \/>\n<script type=\"application\/ld+json\" class=\"yoast-schema-graph\">{\"@context\":\"https:\/\/schema.org\",\"@graph\":[{\"@type\":\"WebPage\",\"@id\":\"https:\/\/economia.uanl.mx\/edgar-mauricio-luna-dominguez\/\",\"url\":\"https:\/\/economia.uanl.mx\/edgar-mauricio-luna-dominguez\/\",\"name\":\"Edgar Mauricio Luna Dom\u00ednguez - Facultad de Econom\u00eda UANL\",\"isPartOf\":{\"@id\":\"https:\/\/economia.uanl.mx\/#website\"},\"primaryImageOfPage\":{\"@id\":\"https:\/\/economia.uanl.mx\/edgar-mauricio-luna-dominguez\/#primaryimage\"},\"image\":{\"@id\":\"https:\/\/economia.uanl.mx\/edgar-mauricio-luna-dominguez\/#primaryimage\"},\"thumbnailUrl\":\"https:\/\/economia.uanl.mx\/wp-content\/uploads\/2024\/02\/5-2.jpg\",\"datePublished\":\"2022-10-09T19:54:44+00:00\",\"dateModified\":\"2024-02-28T16:13:33+00:00\",\"breadcrumb\":{\"@id\":\"https:\/\/economia.uanl.mx\/edgar-mauricio-luna-dominguez\/#breadcrumb\"},\"inLanguage\":\"en-US\",\"potentialAction\":[{\"@type\":\"ReadAction\",\"target\":[\"https:\/\/economia.uanl.mx\/edgar-mauricio-luna-dominguez\/\"]}]},{\"@type\":\"ImageObject\",\"inLanguage\":\"en-US\",\"@id\":\"https:\/\/economia.uanl.mx\/edgar-mauricio-luna-dominguez\/#primaryimage\",\"url\":\"https:\/\/economia.uanl.mx\/wp-content\/uploads\/2024\/02\/5-2.jpg\",\"contentUrl\":\"https:\/\/economia.uanl.mx\/wp-content\/uploads\/2024\/02\/5-2.jpg\",\"width\":2626,\"height\":3937},{\"@type\":\"BreadcrumbList\",\"@id\":\"https:\/\/economia.uanl.mx\/edgar-mauricio-luna-dominguez\/#breadcrumb\",\"itemListElement\":[{\"@type\":\"ListItem\",\"position\":1,\"name\":\"Inicio\",\"item\":\"https:\/\/economia.uanl.mx\/\"},{\"@type\":\"ListItem\",\"position\":2,\"name\":\"Edgar Mauricio Luna Dom\u00ednguez\"}]},{\"@type\":\"WebSite\",\"@id\":\"https:\/\/economia.uanl.mx\/#website\",\"url\":\"https:\/\/economia.uanl.mx\/\",\"name\":\"Facultad de Econom\u00eda UANL\",\"description\":\"UANL\",\"potentialAction\":[{\"@type\":\"SearchAction\",\"target\":{\"@type\":\"EntryPoint\",\"urlTemplate\":\"https:\/\/economia.uanl.mx\/?s={search_term_string}\"},\"query-input\":{\"@type\":\"PropertyValueSpecification\",\"valueRequired\":true,\"valueName\":\"search_term_string\"}}],\"inLanguage\":\"en-US\"}]}<\/script>\n<!-- \/ Yoast SEO plugin. -->","yoast_head_json":{"title":"Edgar Mauricio Luna Dom\u00ednguez - Facultad de Econom\u00eda UANL","robots":{"index":"index","follow":"follow","max-snippet":"max-snippet:-1","max-image-preview":"max-image-preview:large","max-video-preview":"max-video-preview:-1"},"canonical":"https:\/\/economia.uanl.mx\/en\/edgar-mauricio-luna-dominguez\/","og_locale":"en_US","og_type":"article","og_title":"Edgar Mauricio Luna Dom\u00ednguez - Facultad de Econom\u00eda UANL","og_description":"Doctorado en Econom\u00eda &nbsp; L\u00edneas de Investigaci\u00f3n\u00a0 Crecimiento Econ\u00f3mico Finanzas P\u00fablicas Econometr\u00eda Intermedia Econometr\u00eda Avanzada Miner\u00eda de Datos.\u202f\u00a0","og_url":"https:\/\/economia.uanl.mx\/en\/edgar-mauricio-luna-dominguez\/","og_site_name":"Facultad de Econom\u00eda UANL","article_publisher":"https:\/\/www.facebook.com\/FAECO.UANL\/","article_modified_time":"2024-02-28T16:13:33+00:00","og_image":[{"url":"https:\/\/economia.uanl.mx\/wp-content\/uploads\/2024\/02\/5-2.jpg","width":640,"height":960,"type":"image\/jpeg"}],"twitter_card":"summary_large_image","twitter_site":"@economia_uanl","schema":{"@context":"https:\/\/schema.org","@graph":[{"@type":"WebPage","@id":"https:\/\/economia.uanl.mx\/edgar-mauricio-luna-dominguez\/","url":"https:\/\/economia.uanl.mx\/edgar-mauricio-luna-dominguez\/","name":"Edgar Mauricio Luna Dom\u00ednguez - Facultad de Econom\u00eda UANL","isPartOf":{"@id":"https:\/\/economia.uanl.mx\/#website"},"primaryImageOfPage":{"@id":"https:\/\/economia.uanl.mx\/edgar-mauricio-luna-dominguez\/#primaryimage"},"image":{"@id":"https:\/\/economia.uanl.mx\/edgar-mauricio-luna-dominguez\/#primaryimage"},"thumbnailUrl":"https:\/\/economia.uanl.mx\/wp-content\/uploads\/2024\/02\/5-2.jpg","datePublished":"2022-10-09T19:54:44+00:00","dateModified":"2024-02-28T16:13:33+00:00","breadcrumb":{"@id":"https:\/\/economia.uanl.mx\/edgar-mauricio-luna-dominguez\/#breadcrumb"},"inLanguage":"en-US","potentialAction":[{"@type":"ReadAction","target":["https:\/\/economia.uanl.mx\/edgar-mauricio-luna-dominguez\/"]}]},{"@type":"ImageObject","inLanguage":"en-US","@id":"https:\/\/economia.uanl.mx\/edgar-mauricio-luna-dominguez\/#primaryimage","url":"https:\/\/economia.uanl.mx\/wp-content\/uploads\/2024\/02\/5-2.jpg","contentUrl":"https:\/\/economia.uanl.mx\/wp-content\/uploads\/2024\/02\/5-2.jpg","width":2626,"height":3937},{"@type":"BreadcrumbList","@id":"https:\/\/economia.uanl.mx\/edgar-mauricio-luna-dominguez\/#breadcrumb","itemListElement":[{"@type":"ListItem","position":1,"name":"Inicio","item":"https:\/\/economia.uanl.mx\/"},{"@type":"ListItem","position":2,"name":"Edgar Mauricio Luna Dom\u00ednguez"}]},{"@type":"WebSite","@id":"https:\/\/economia.uanl.mx\/#website","url":"https:\/\/economia.uanl.mx\/","name":"Facultad de Econom\u00eda UANL","description":"UANL","potentialAction":[{"@type":"SearchAction","target":{"@type":"EntryPoint","urlTemplate":"https:\/\/economia.uanl.mx\/?s={search_term_string}"},"query-input":{"@type":"PropertyValueSpecification","valueRequired":true,"valueName":"search_term_string"}}],"inLanguage":"en-US"}]}},"_links":{"self":[{"href":"https:\/\/economia.uanl.mx\/en\/wp-json\/wp\/v2\/pages\/46134","targetHints":{"allow":["GET"]}}],"collection":[{"href":"https:\/\/economia.uanl.mx\/en\/wp-json\/wp\/v2\/pages"}],"about":[{"href":"https:\/\/economia.uanl.mx\/en\/wp-json\/wp\/v2\/types\/page"}],"author":[{"embeddable":true,"href":"https:\/\/economia.uanl.mx\/en\/wp-json\/wp\/v2\/users\/21"}],"replies":[{"embeddable":true,"href":"https:\/\/economia.uanl.mx\/en\/wp-json\/wp\/v2\/comments?post=46134"}],"version-history":[{"count":20,"href":"https:\/\/economia.uanl.mx\/en\/wp-json\/wp\/v2\/pages\/46134\/revisions"}],"predecessor-version":[{"id":46187,"href":"https:\/\/economia.uanl.mx\/en\/wp-json\/wp\/v2\/pages\/46134\/revisions\/46187"}],"wp:featuredmedia":[{"embeddable":true,"href":"https:\/\/economia.uanl.mx\/en\/wp-json\/wp\/v2\/media\/47097"}],"wp:attachment":[{"href":"https:\/\/economia.uanl.mx\/en\/wp-json\/wp\/v2\/media?parent=46134"}],"wp:term":[{"taxonomy":"post_tag","embeddable":true,"href":"https:\/\/economia.uanl.mx\/en\/wp-json\/wp\/v2\/tags?post=46134"}],"curies":[{"name":"wp","href":"https:\/\/api.w.org\/{rel}","templated":true}]}}