{"id":45467,"date":"2021-10-19T10:32:32","date_gmt":"2021-10-19T16:32:32","guid":{"rendered":"https:\/\/economia.uanl.mx\/?page_id=45467"},"modified":"2024-07-18T14:32:10","modified_gmt":"2024-07-18T20:32:10","slug":"servicios-escolares","status":"publish","type":"page","link":"https:\/\/economia.uanl.mx\/en\/servicios-escolares\/","title":{"rendered":"School Services"},"content":{"rendered":"<p><a href=\"https:\/\/form.jotform.com\/240365980533055\"><img loading=\"lazy\" decoding=\"async\" class=\"alignnone wp-image-47379 size-full\" src=\"https:\/\/economia.uanl.mx\/wp-content\/uploads\/2024\/07\/este.png\" alt=\"\" width=\"8334\" height=\"3334\" \/><\/a><\/p>\n<h3>APPLICATION FOR PROCEDURES<\/h3>\n<p>To proceed with the payment for your application procedures, it is essential that you submit your request through this <a href=\"https:\/\/form.jotform.com\/240365980533055\">Jotform Link<\/a> <strong>f you have no outstanding payments and meet the requirement of having your photo in SIASE, the School Services Department will send you an email with the link to upload your proof of payment in case your payment is made via bank transfer. If your payment is in cash, it is not necessary to upload your payment receipt.<\/strong>, el Departamento de <strong>Escolar le enviar\u00e1 un correo electr\u00f3nico con el enlace para subir su comprobante de pago<\/strong> en caso de realizar su pago por transferencia bancaria. Si su pago ser\u00e1 en caja, no es necesario que suba su comprobante de pago.<\/p>\n<p><em><strong>Link<\/strong><\/em> <a href=\"https:\/\/form.jotform.com\/240365980533055\" target=\"_blank\" rel=\"noopener noreferrer\">https:\/\/form.jotform.com\/240365980533055<\/a><\/p>\n<h3><strong>SCHOOL PAYMENTS\u00a0<\/strong><\/h3>\n<p>If you made a payment for Internal Fee, Summer Courses, Opportunities, Late Fee for Missed Opportunities, or Debts, and your payment method was bank transfer, you must upload your payment receipt using this <strong>m\u00e9todo de pago fue mediante transferencia bancaria,<\/strong> es necesario que subas tu comprobante de pago en <a href=\"https:\/\/form.jotform.com\/241636014297860\">JotForm link for School Payments.<\/a> de Pagos Escolares.<\/p>\n<p><em><strong>Link <\/strong><\/em><a href=\"https:\/\/form.jotform.com\/241636014297860\">https:\/\/form.jotform.com\/241636014297860<\/a><\/p>\n<p>&nbsp;<\/p>","protected":false},"excerpt":{"rendered":"<p>SOLICITUD DE TR\u00c1MITES Para proceder con el pago de su solicitud de tr\u00e1mites, es indispensable que env\u00ede esta solicitud a trav\u00e9s de este enlace de JotForm. Si usted no presenta adeudos y cumple con el requisito de tener su fotograf\u00eda en SIASE, el Departamento de Escolar le enviar\u00e1 un correo electr\u00f3nico con el enlace para [&hellip;]<\/p>","protected":false},"author":21,"featured_media":0,"parent":0,"menu_order":0,"comment_status":"closed","ping_status":"closed","template":"page-templates\/template_contenido_estandar_page.php","meta":{"footnotes":""},"tags":[],"class_list":["post-45467","page","type-page","status-publish","hentry"],"yoast_head":"<!-- This site is optimized with the Yoast SEO plugin v24.8.1 - https:\/\/yoast.com\/wordpress\/plugins\/seo\/ -->\n<title>Servicios Escolares - Facultad de Econom\u00eda UANL<\/title>\n<meta name=\"robots\" content=\"index, follow, max-snippet:-1, max-image-preview:large, max-video-preview:-1\" \/>\n<link rel=\"canonical\" href=\"https:\/\/economia.uanl.mx\/en\/servicios-escolares\/\" \/>\n<meta property=\"og:locale\" content=\"en_US\" \/>\n<meta property=\"og:type\" content=\"article\" \/>\n<meta property=\"og:title\" content=\"Servicios Escolares - Facultad de Econom\u00eda UANL\" \/>\n<meta property=\"og:description\" content=\"SOLICITUD DE TR\u00c1MITES Para proceder con el pago de su solicitud de tr\u00e1mites, es indispensable que env\u00ede esta solicitud a trav\u00e9s de este enlace de JotForm. Si usted no presenta adeudos y cumple con el requisito de tener su fotograf\u00eda en SIASE, el Departamento de Escolar le enviar\u00e1 un correo electr\u00f3nico con el enlace para [&hellip;]\" \/>\n<meta property=\"og:url\" content=\"https:\/\/economia.uanl.mx\/en\/servicios-escolares\/\" \/>\n<meta property=\"og:site_name\" content=\"Facultad de Econom\u00eda UANL\" \/>\n<meta property=\"article:publisher\" content=\"https:\/\/www.facebook.com\/FAECO.UANL\/\" \/>\n<meta property=\"article:modified_time\" content=\"2024-07-18T20:32:10+00:00\" \/>\n<meta property=\"og:image\" content=\"https:\/\/economia.uanl.mx\/wp-content\/uploads\/2024\/07\/este.png\" \/>\n\t<meta property=\"og:image:width\" content=\"8334\" \/>\n\t<meta property=\"og:image:height\" content=\"3334\" \/>\n\t<meta property=\"og:image:type\" content=\"image\/png\" \/>\n<meta name=\"twitter:card\" content=\"summary_large_image\" \/>\n<meta name=\"twitter:site\" content=\"@economia_uanl\" \/>\n<meta name=\"twitter:label1\" content=\"Est. reading time\" \/>\n\t<meta name=\"twitter:data1\" content=\"1 minute\" \/>\n<script type=\"application\/ld+json\" class=\"yoast-schema-graph\">{\"@context\":\"https:\/\/schema.org\",\"@graph\":[{\"@type\":\"WebPage\",\"@id\":\"https:\/\/economia.uanl.mx\/servicios-escolares\/\",\"url\":\"https:\/\/economia.uanl.mx\/servicios-escolares\/\",\"name\":\"Servicios Escolares - Facultad de Econom\u00eda UANL\",\"isPartOf\":{\"@id\":\"https:\/\/economia.uanl.mx\/#website\"},\"primaryImageOfPage\":{\"@id\":\"https:\/\/economia.uanl.mx\/servicios-escolares\/#primaryimage\"},\"image\":{\"@id\":\"https:\/\/economia.uanl.mx\/servicios-escolares\/#primaryimage\"},\"thumbnailUrl\":\"https:\/\/economia.uanl.mx\/wp-content\/uploads\/2024\/07\/este.png\",\"datePublished\":\"2021-10-19T16:32:32+00:00\",\"dateModified\":\"2024-07-18T20:32:10+00:00\",\"breadcrumb\":{\"@id\":\"https:\/\/economia.uanl.mx\/servicios-escolares\/#breadcrumb\"},\"inLanguage\":\"en-US\",\"potentialAction\":[{\"@type\":\"ReadAction\",\"target\":[\"https:\/\/economia.uanl.mx\/servicios-escolares\/\"]}]},{\"@type\":\"ImageObject\",\"inLanguage\":\"en-US\",\"@id\":\"https:\/\/economia.uanl.mx\/servicios-escolares\/#primaryimage\",\"url\":\"https:\/\/economia.uanl.mx\/wp-content\/uploads\/2024\/07\/este.png\",\"contentUrl\":\"https:\/\/economia.uanl.mx\/wp-content\/uploads\/2024\/07\/este.png\"},{\"@type\":\"BreadcrumbList\",\"@id\":\"https:\/\/economia.uanl.mx\/servicios-escolares\/#breadcrumb\",\"itemListElement\":[{\"@type\":\"ListItem\",\"position\":1,\"name\":\"Inicio\",\"item\":\"https:\/\/economia.uanl.mx\/\"},{\"@type\":\"ListItem\",\"position\":2,\"name\":\"Servicios Escolares\"}]},{\"@type\":\"WebSite\",\"@id\":\"https:\/\/economia.uanl.mx\/#website\",\"url\":\"https:\/\/economia.uanl.mx\/\",\"name\":\"Facultad de Econom\u00eda UANL\",\"description\":\"UANL\",\"potentialAction\":[{\"@type\":\"SearchAction\",\"target\":{\"@type\":\"EntryPoint\",\"urlTemplate\":\"https:\/\/economia.uanl.mx\/?s={search_term_string}\"},\"query-input\":{\"@type\":\"PropertyValueSpecification\",\"valueRequired\":true,\"valueName\":\"search_term_string\"}}],\"inLanguage\":\"en-US\"}]}<\/script>\n<!-- \/ Yoast SEO plugin. -->","yoast_head_json":{"title":"Servicios Escolares - Facultad de Econom\u00eda UANL","robots":{"index":"index","follow":"follow","max-snippet":"max-snippet:-1","max-image-preview":"max-image-preview:large","max-video-preview":"max-video-preview:-1"},"canonical":"https:\/\/economia.uanl.mx\/en\/servicios-escolares\/","og_locale":"en_US","og_type":"article","og_title":"Servicios Escolares - Facultad de Econom\u00eda UANL","og_description":"SOLICITUD DE TR\u00c1MITES Para proceder con el pago de su solicitud de tr\u00e1mites, es indispensable que env\u00ede esta solicitud a trav\u00e9s de este enlace de JotForm. Si usted no presenta adeudos y cumple con el requisito de tener su fotograf\u00eda en SIASE, el Departamento de Escolar le enviar\u00e1 un correo electr\u00f3nico con el enlace para [&hellip;]","og_url":"https:\/\/economia.uanl.mx\/en\/servicios-escolares\/","og_site_name":"Facultad de Econom\u00eda UANL","article_publisher":"https:\/\/www.facebook.com\/FAECO.UANL\/","article_modified_time":"2024-07-18T20:32:10+00:00","og_image":[{"width":8334,"height":3334,"url":"https:\/\/economia.uanl.mx\/wp-content\/uploads\/2024\/07\/este.png","type":"image\/png"}],"twitter_card":"summary_large_image","twitter_site":"@economia_uanl","twitter_misc":{"Est. reading time":"1 minute"},"schema":{"@context":"https:\/\/schema.org","@graph":[{"@type":"WebPage","@id":"https:\/\/economia.uanl.mx\/servicios-escolares\/","url":"https:\/\/economia.uanl.mx\/servicios-escolares\/","name":"Servicios Escolares - Facultad de Econom\u00eda UANL","isPartOf":{"@id":"https:\/\/economia.uanl.mx\/#website"},"primaryImageOfPage":{"@id":"https:\/\/economia.uanl.mx\/servicios-escolares\/#primaryimage"},"image":{"@id":"https:\/\/economia.uanl.mx\/servicios-escolares\/#primaryimage"},"thumbnailUrl":"https:\/\/economia.uanl.mx\/wp-content\/uploads\/2024\/07\/este.png","datePublished":"2021-10-19T16:32:32+00:00","dateModified":"2024-07-18T20:32:10+00:00","breadcrumb":{"@id":"https:\/\/economia.uanl.mx\/servicios-escolares\/#breadcrumb"},"inLanguage":"en-US","potentialAction":[{"@type":"ReadAction","target":["https:\/\/economia.uanl.mx\/servicios-escolares\/"]}]},{"@type":"ImageObject","inLanguage":"en-US","@id":"https:\/\/economia.uanl.mx\/servicios-escolares\/#primaryimage","url":"https:\/\/economia.uanl.mx\/wp-content\/uploads\/2024\/07\/este.png","contentUrl":"https:\/\/economia.uanl.mx\/wp-content\/uploads\/2024\/07\/este.png"},{"@type":"BreadcrumbList","@id":"https:\/\/economia.uanl.mx\/servicios-escolares\/#breadcrumb","itemListElement":[{"@type":"ListItem","position":1,"name":"Inicio","item":"https:\/\/economia.uanl.mx\/"},{"@type":"ListItem","position":2,"name":"Servicios Escolares"}]},{"@type":"WebSite","@id":"https:\/\/economia.uanl.mx\/#website","url":"https:\/\/economia.uanl.mx\/","name":"Facultad de Econom\u00eda UANL","description":"UANL","potentialAction":[{"@type":"SearchAction","target":{"@type":"EntryPoint","urlTemplate":"https:\/\/economia.uanl.mx\/?s={search_term_string}"},"query-input":{"@type":"PropertyValueSpecification","valueRequired":true,"valueName":"search_term_string"}}],"inLanguage":"en-US"}]}},"_links":{"self":[{"href":"https:\/\/economia.uanl.mx\/en\/wp-json\/wp\/v2\/pages\/45467","targetHints":{"allow":["GET"]}}],"collection":[{"href":"https:\/\/economia.uanl.mx\/en\/wp-json\/wp\/v2\/pages"}],"about":[{"href":"https:\/\/economia.uanl.mx\/en\/wp-json\/wp\/v2\/types\/page"}],"author":[{"embeddable":true,"href":"https:\/\/economia.uanl.mx\/en\/wp-json\/wp\/v2\/users\/21"}],"replies":[{"embeddable":true,"href":"https:\/\/economia.uanl.mx\/en\/wp-json\/wp\/v2\/comments?post=45467"}],"version-history":[{"count":41,"href":"https:\/\/economia.uanl.mx\/en\/wp-json\/wp\/v2\/pages\/45467\/revisions"}],"predecessor-version":[{"id":47380,"href":"https:\/\/economia.uanl.mx\/en\/wp-json\/wp\/v2\/pages\/45467\/revisions\/47380"}],"wp:attachment":[{"href":"https:\/\/economia.uanl.mx\/en\/wp-json\/wp\/v2\/media?parent=45467"}],"wp:term":[{"taxonomy":"post_tag","embeddable":true,"href":"https:\/\/economia.uanl.mx\/en\/wp-json\/wp\/v2\/tags?post=45467"}],"curies":[{"name":"wp","href":"https:\/\/api.w.org\/{rel}","templated":true}]}}