{"id":45208,"date":"2021-07-27T07:20:16","date_gmt":"2021-07-27T13:20:16","guid":{"rendered":"http:\/\/economia.uanl.mx\/?page_id=45208"},"modified":"2021-07-27T07:24:26","modified_gmt":"2021-07-27T13:24:26","slug":"cuerpos-academicos","status":"publish","type":"page","link":"https:\/\/economia.uanl.mx\/en\/cuerpos-academicos\/","title":{"rendered":"Academic Bodies"},"content":{"rendered":"<ul>\n<li><a href=\"https:\/\/economia.uanl.mx\/en\/cuerpos_academico\/estudios-economicos-aplicados\/\">Applied Economic Studies<\/a><\/li>\n<li><a href=\"https:\/\/economia.uanl.mx\/en\/cuerpos_academico\/organizacion-industrial-y-regulacion\/\">Industrial Organization and Regulation<\/a><\/li>\n<li><a href=\"https:\/\/economia.uanl.mx\/en\/cuerpos_academico\/economia-de-la-familia-y-de-la-empresa\/\">Family and Business Economics<\/a><\/li>\n<\/ul>\n<p>&nbsp;<\/p>\n<p>&nbsp;<\/p>","protected":false},"excerpt":{"rendered":"<p>Estudios Econ\u00f3micos Aplicados. Organizaci\u00f3n Industrial y Regulaci\u00f3n. Econom\u00eda de la Familia y de la Empresa. &nbsp; &nbsp;<\/p>","protected":false},"author":21,"featured_media":0,"parent":0,"menu_order":0,"comment_status":"closed","ping_status":"closed","template":"page-templates\/template_contenido_estandar_page.php","meta":{"footnotes":""},"tags":[6693,6682,907],"class_list":["post-45208","page","type-page","status-publish","hentry","tag-cuerpos-academicos-faeco","tag-facultad-de-economia-cuerpos-academicos","tag-facultad-de-economia-uanl"],"yoast_head":"<!-- This site is optimized with the Yoast SEO plugin v24.8.1 - https:\/\/yoast.com\/wordpress\/plugins\/seo\/ -->\n<title>Cuerpos acad\u00e9micos - Facultad de Econom\u00eda UANL<\/title>\n<meta name=\"robots\" content=\"index, follow, max-snippet:-1, max-image-preview:large, max-video-preview:-1\" \/>\n<link rel=\"canonical\" href=\"https:\/\/economia.uanl.mx\/en\/cuerpos-academicos\/\" \/>\n<meta property=\"og:locale\" content=\"en_US\" \/>\n<meta property=\"og:type\" content=\"article\" \/>\n<meta property=\"og:title\" content=\"Cuerpos acad\u00e9micos - Facultad de Econom\u00eda UANL\" \/>\n<meta property=\"og:description\" content=\"Estudios Econ\u00f3micos Aplicados. Organizaci\u00f3n Industrial y Regulaci\u00f3n. Econom\u00eda de la Familia y de la Empresa. &nbsp; &nbsp;\" \/>\n<meta property=\"og:url\" content=\"https:\/\/economia.uanl.mx\/en\/cuerpos-academicos\/\" \/>\n<meta property=\"og:site_name\" content=\"Facultad de Econom\u00eda UANL\" \/>\n<meta property=\"article:publisher\" content=\"https:\/\/www.facebook.com\/FAECO.UANL\/\" \/>\n<meta property=\"article:modified_time\" content=\"2021-07-27T13:24:26+00:00\" \/>\n<meta name=\"twitter:card\" content=\"summary_large_image\" \/>\n<meta name=\"twitter:site\" content=\"@economia_uanl\" \/>\n<script type=\"application\/ld+json\" class=\"yoast-schema-graph\">{\"@context\":\"https:\/\/schema.org\",\"@graph\":[{\"@type\":\"WebPage\",\"@id\":\"https:\/\/economia.uanl.mx\/cuerpos-academicos\/\",\"url\":\"https:\/\/economia.uanl.mx\/cuerpos-academicos\/\",\"name\":\"Cuerpos acad\u00e9micos - Facultad de Econom\u00eda UANL\",\"isPartOf\":{\"@id\":\"https:\/\/economia.uanl.mx\/#website\"},\"datePublished\":\"2021-07-27T13:20:16+00:00\",\"dateModified\":\"2021-07-27T13:24:26+00:00\",\"breadcrumb\":{\"@id\":\"https:\/\/economia.uanl.mx\/cuerpos-academicos\/#breadcrumb\"},\"inLanguage\":\"en-US\",\"potentialAction\":[{\"@type\":\"ReadAction\",\"target\":[\"https:\/\/economia.uanl.mx\/cuerpos-academicos\/\"]}]},{\"@type\":\"BreadcrumbList\",\"@id\":\"https:\/\/economia.uanl.mx\/cuerpos-academicos\/#breadcrumb\",\"itemListElement\":[{\"@type\":\"ListItem\",\"position\":1,\"name\":\"Inicio\",\"item\":\"https:\/\/economia.uanl.mx\/\"},{\"@type\":\"ListItem\",\"position\":2,\"name\":\"Cuerpos acad\u00e9micos\"}]},{\"@type\":\"WebSite\",\"@id\":\"https:\/\/economia.uanl.mx\/#website\",\"url\":\"https:\/\/economia.uanl.mx\/\",\"name\":\"Facultad de Econom\u00eda UANL\",\"description\":\"UANL\",\"potentialAction\":[{\"@type\":\"SearchAction\",\"target\":{\"@type\":\"EntryPoint\",\"urlTemplate\":\"https:\/\/economia.uanl.mx\/?s={search_term_string}\"},\"query-input\":{\"@type\":\"PropertyValueSpecification\",\"valueRequired\":true,\"valueName\":\"search_term_string\"}}],\"inLanguage\":\"en-US\"}]}<\/script>\n<!-- \/ Yoast SEO plugin. -->","yoast_head_json":{"title":"Cuerpos acad\u00e9micos - Facultad de Econom\u00eda UANL","robots":{"index":"index","follow":"follow","max-snippet":"max-snippet:-1","max-image-preview":"max-image-preview:large","max-video-preview":"max-video-preview:-1"},"canonical":"https:\/\/economia.uanl.mx\/en\/cuerpos-academicos\/","og_locale":"en_US","og_type":"article","og_title":"Cuerpos acad\u00e9micos - Facultad de Econom\u00eda UANL","og_description":"Estudios Econ\u00f3micos Aplicados. Organizaci\u00f3n Industrial y Regulaci\u00f3n. Econom\u00eda de la Familia y de la Empresa. &nbsp; &nbsp;","og_url":"https:\/\/economia.uanl.mx\/en\/cuerpos-academicos\/","og_site_name":"Facultad de Econom\u00eda UANL","article_publisher":"https:\/\/www.facebook.com\/FAECO.UANL\/","article_modified_time":"2021-07-27T13:24:26+00:00","twitter_card":"summary_large_image","twitter_site":"@economia_uanl","schema":{"@context":"https:\/\/schema.org","@graph":[{"@type":"WebPage","@id":"https:\/\/economia.uanl.mx\/cuerpos-academicos\/","url":"https:\/\/economia.uanl.mx\/cuerpos-academicos\/","name":"Cuerpos acad\u00e9micos - Facultad de Econom\u00eda UANL","isPartOf":{"@id":"https:\/\/economia.uanl.mx\/#website"},"datePublished":"2021-07-27T13:20:16+00:00","dateModified":"2021-07-27T13:24:26+00:00","breadcrumb":{"@id":"https:\/\/economia.uanl.mx\/cuerpos-academicos\/#breadcrumb"},"inLanguage":"en-US","potentialAction":[{"@type":"ReadAction","target":["https:\/\/economia.uanl.mx\/cuerpos-academicos\/"]}]},{"@type":"BreadcrumbList","@id":"https:\/\/economia.uanl.mx\/cuerpos-academicos\/#breadcrumb","itemListElement":[{"@type":"ListItem","position":1,"name":"Inicio","item":"https:\/\/economia.uanl.mx\/"},{"@type":"ListItem","position":2,"name":"Cuerpos acad\u00e9micos"}]},{"@type":"WebSite","@id":"https:\/\/economia.uanl.mx\/#website","url":"https:\/\/economia.uanl.mx\/","name":"Facultad de Econom\u00eda UANL","description":"UANL","potentialAction":[{"@type":"SearchAction","target":{"@type":"EntryPoint","urlTemplate":"https:\/\/economia.uanl.mx\/?s={search_term_string}"},"query-input":{"@type":"PropertyValueSpecification","valueRequired":true,"valueName":"search_term_string"}}],"inLanguage":"en-US"}]}},"_links":{"self":[{"href":"https:\/\/economia.uanl.mx\/en\/wp-json\/wp\/v2\/pages\/45208","targetHints":{"allow":["GET"]}}],"collection":[{"href":"https:\/\/economia.uanl.mx\/en\/wp-json\/wp\/v2\/pages"}],"about":[{"href":"https:\/\/economia.uanl.mx\/en\/wp-json\/wp\/v2\/types\/page"}],"author":[{"embeddable":true,"href":"https:\/\/economia.uanl.mx\/en\/wp-json\/wp\/v2\/users\/21"}],"replies":[{"embeddable":true,"href":"https:\/\/economia.uanl.mx\/en\/wp-json\/wp\/v2\/comments?post=45208"}],"version-history":[{"count":1,"href":"https:\/\/economia.uanl.mx\/en\/wp-json\/wp\/v2\/pages\/45208\/revisions"}],"predecessor-version":[{"id":45220,"href":"https:\/\/economia.uanl.mx\/en\/wp-json\/wp\/v2\/pages\/45208\/revisions\/45220"}],"wp:attachment":[{"href":"https:\/\/economia.uanl.mx\/en\/wp-json\/wp\/v2\/media?parent=45208"}],"wp:term":[{"taxonomy":"post_tag","embeddable":true,"href":"https:\/\/economia.uanl.mx\/en\/wp-json\/wp\/v2\/tags?post=45208"}],"curies":[{"name":"wp","href":"https:\/\/api.w.org\/{rel}","templated":true}]}}