{"id":44937,"date":"2021-07-23T04:19:55","date_gmt":"2021-07-23T10:19:55","guid":{"rendered":"http:\/\/economia.uanl.mx\/?page_id=44937"},"modified":"2023-09-20T09:08:57","modified_gmt":"2023-09-20T15:08:57","slug":"investigadores","status":"publish","type":"page","link":"https:\/\/economia.uanl.mx\/en\/investigadores\/","title":{"rendered":"Researchers"},"content":{"rendered":"<p>Researchers of the National System from the Facultad de Econom\u00eda<\/p>\n<p>&nbsp;<\/p>\n<p><a href=\"https:\/\/www.uanl.mx\/investigadores\/ernesto-aguayo-tellez\/\">Aguayo T\u00e9llez, Ernesto<\/a><\/p>\n<p><a href=\"https:\/\/www.uanl.mx\/investigadores\/cinthya-guadalupe-caamal-olvera\/\">Caamal Olvera, Cynthia Guadalupe<\/a><\/p>\n<p><a href=\"https:\/\/www.uanl.mx\/investigadores\/mario-italo-cerutti-pignat\/\">Cerruti Pignat, Mario Italo<\/a><\/p>\n<p><a href=\"https:\/\/www.uanl.mx\/investigadores\/joana-cecilia-chapa-cantu\/\">Chapa Cant\u00fa, Joana Cecilia<\/a><\/p>\n<p><a href=\"https:\/\/www.uanl.mx\/investigadores\/daniel-flores-curiel\/\">Flores Curiel, Daniel<\/a><\/p>\n<p><a href=\"https:\/\/www.uanl.mx\/investigadores\/cesareo-gamez-garza\/\">G\u00e1mez Garza, Ces\u00e1reo<\/a><\/p>\n<p>Garza Rodr\u00edguez, Jorge<\/p>\n<p><a href=\"https:\/\/www.uanl.mx\/investigadores\/marco-vinicio-gomez-meza\/\">G\u00f3mez Meza, Marco Vinicio<\/a><\/p>\n<p>Kalashnikov, Vitaliy<\/p>\n<p><a href=\"https:\/\/www.uanl.mx\/investigadores\/edgar-mauricio-luna-dominguez\/\">Luna Dom\u00ednguez, Edgar Mauricio<\/a><\/p>\n<p>Rangel Gonz\u00e1lez, Erick<\/p>\n<p><a href=\"https:\/\/www.uanl.mx\/investigadores\/roberto-robledo-fava\/\">Robledo Fava, Roberto<\/a><\/p>\n<p>Trevi\u00f1o Villarreal, Mar\u00eda de Lourdes<\/p>\n<p><a href=\"https:\/\/www.uanl.mx\/investigadores\/jorge-noel-valero-gil\/\">Valero Gil, Jorge Noel<\/a><\/p>\n<p><a href=\"https:\/\/www.uanl.mx\/investigadores\/amado-villarreal-gonzalez\/\">Villarreal Gonz\u00e1lez, Amado<\/a><\/p>\n<p><a href=\"https:\/\/www.uanl.mx\/investigadores\/julio-cesar-arteaga-garcia\/\">Arteaga Garcia, Julio Cesar\u00a0<\/a><\/p>\n<p><a href=\"https:\/\/www.uanl.mx\/investigadores\/monica-cynthia-hernandez-luna\/\">Hernandez Luna, Monica Cynthia\u00a0<\/a><\/p>\n<p><a href=\"https:\/\/www.uanl.mx\/investigadores\/jorge-omar-moreno-trevino\/\">Moreno Trevi\u00f1o, Jorge Omar<\/a><\/p>\n<p><a href=\"https:\/\/www.uanl.mx\/investigadores\/araceli-ortega-diaz\/\">Ortega D\u00edaz, Araceli\u00a0<\/a><\/p>\n<p><a href=\"https:\/\/www.uanl.mx\/investigadores\/roberto-joaquin-santillan-salgado\/\">Santill\u00e1n Salgado, Roberto Joaquin<\/a><\/p>","protected":false},"excerpt":{"rendered":"<p>Investigadores del Sistema Nacional de la Facultad de Econom\u00eda. &nbsp; Aguayo T\u00e9llez, Ernesto Caamal Olvera, Cynthia Guadalupe Cerruti Pignat, Mario Italo Chapa Cant\u00fa, Joana Cecilia Flores Curiel, Daniel G\u00e1mez Garza, Ces\u00e1reo Garza Rodr\u00edguez, Jorge G\u00f3mez Meza, Marco Vinicio Kalashnikov, Vitaliy Luna Dom\u00ednguez, Edgar Mauricio Rangel Gonz\u00e1lez, Erick Robledo Fava, Roberto Trevi\u00f1o Villarreal, Mar\u00eda de Lourdes [&hellip;]<\/p>","protected":false},"author":21,"featured_media":0,"parent":0,"menu_order":0,"comment_status":"closed","ping_status":"closed","template":"page-templates\/template_contenido_estandar_page.php","meta":{"footnotes":""},"tags":[],"class_list":["post-44937","page","type-page","status-publish","hentry"],"yoast_head":"<!-- This site is optimized with the Yoast SEO plugin v24.8.1 - https:\/\/yoast.com\/wordpress\/plugins\/seo\/ -->\n<title>Investigadores - Facultad de Econom\u00eda UANL<\/title>\n<meta name=\"robots\" content=\"index, follow, max-snippet:-1, max-image-preview:large, max-video-preview:-1\" \/>\n<link rel=\"canonical\" href=\"https:\/\/economia.uanl.mx\/en\/investigadores\/\" \/>\n<meta property=\"og:locale\" content=\"en_US\" \/>\n<meta property=\"og:type\" content=\"article\" \/>\n<meta property=\"og:title\" content=\"Investigadores - Facultad de Econom\u00eda UANL\" \/>\n<meta property=\"og:description\" content=\"Investigadores del Sistema Nacional de la Facultad de Econom\u00eda. &nbsp; Aguayo T\u00e9llez, Ernesto Caamal Olvera, Cynthia Guadalupe Cerruti Pignat, Mario Italo Chapa Cant\u00fa, Joana Cecilia Flores Curiel, Daniel G\u00e1mez Garza, Ces\u00e1reo Garza Rodr\u00edguez, Jorge G\u00f3mez Meza, Marco Vinicio Kalashnikov, Vitaliy Luna Dom\u00ednguez, Edgar Mauricio Rangel Gonz\u00e1lez, Erick Robledo Fava, Roberto Trevi\u00f1o Villarreal, Mar\u00eda de Lourdes [&hellip;]\" \/>\n<meta property=\"og:url\" content=\"https:\/\/economia.uanl.mx\/en\/investigadores\/\" \/>\n<meta property=\"og:site_name\" content=\"Facultad de Econom\u00eda UANL\" \/>\n<meta property=\"article:publisher\" content=\"https:\/\/www.facebook.com\/FAECO.UANL\/\" \/>\n<meta property=\"article:modified_time\" content=\"2023-09-20T15:08:57+00:00\" \/>\n<meta name=\"twitter:card\" content=\"summary_large_image\" \/>\n<meta name=\"twitter:site\" content=\"@economia_uanl\" \/>\n<script type=\"application\/ld+json\" class=\"yoast-schema-graph\">{\"@context\":\"https:\/\/schema.org\",\"@graph\":[{\"@type\":\"WebPage\",\"@id\":\"https:\/\/economia.uanl.mx\/investigadores\/\",\"url\":\"https:\/\/economia.uanl.mx\/investigadores\/\",\"name\":\"Investigadores - Facultad de Econom\u00eda UANL\",\"isPartOf\":{\"@id\":\"https:\/\/economia.uanl.mx\/#website\"},\"datePublished\":\"2021-07-23T10:19:55+00:00\",\"dateModified\":\"2023-09-20T15:08:57+00:00\",\"breadcrumb\":{\"@id\":\"https:\/\/economia.uanl.mx\/investigadores\/#breadcrumb\"},\"inLanguage\":\"en-US\",\"potentialAction\":[{\"@type\":\"ReadAction\",\"target\":[\"https:\/\/economia.uanl.mx\/investigadores\/\"]}]},{\"@type\":\"BreadcrumbList\",\"@id\":\"https:\/\/economia.uanl.mx\/investigadores\/#breadcrumb\",\"itemListElement\":[{\"@type\":\"ListItem\",\"position\":1,\"name\":\"Inicio\",\"item\":\"https:\/\/economia.uanl.mx\/\"},{\"@type\":\"ListItem\",\"position\":2,\"name\":\"Investigadores\"}]},{\"@type\":\"WebSite\",\"@id\":\"https:\/\/economia.uanl.mx\/#website\",\"url\":\"https:\/\/economia.uanl.mx\/\",\"name\":\"Facultad de Econom\u00eda UANL\",\"description\":\"UANL\",\"potentialAction\":[{\"@type\":\"SearchAction\",\"target\":{\"@type\":\"EntryPoint\",\"urlTemplate\":\"https:\/\/economia.uanl.mx\/?s={search_term_string}\"},\"query-input\":{\"@type\":\"PropertyValueSpecification\",\"valueRequired\":true,\"valueName\":\"search_term_string\"}}],\"inLanguage\":\"en-US\"}]}<\/script>\n<!-- \/ Yoast SEO plugin. -->","yoast_head_json":{"title":"Investigadores - Facultad de Econom\u00eda UANL","robots":{"index":"index","follow":"follow","max-snippet":"max-snippet:-1","max-image-preview":"max-image-preview:large","max-video-preview":"max-video-preview:-1"},"canonical":"https:\/\/economia.uanl.mx\/en\/investigadores\/","og_locale":"en_US","og_type":"article","og_title":"Investigadores - Facultad de Econom\u00eda UANL","og_description":"Investigadores del Sistema Nacional de la Facultad de Econom\u00eda. &nbsp; Aguayo T\u00e9llez, Ernesto Caamal Olvera, Cynthia Guadalupe Cerruti Pignat, Mario Italo Chapa Cant\u00fa, Joana Cecilia Flores Curiel, Daniel G\u00e1mez Garza, Ces\u00e1reo Garza Rodr\u00edguez, Jorge G\u00f3mez Meza, Marco Vinicio Kalashnikov, Vitaliy Luna Dom\u00ednguez, Edgar Mauricio Rangel Gonz\u00e1lez, Erick Robledo Fava, Roberto Trevi\u00f1o Villarreal, Mar\u00eda de Lourdes [&hellip;]","og_url":"https:\/\/economia.uanl.mx\/en\/investigadores\/","og_site_name":"Facultad de Econom\u00eda UANL","article_publisher":"https:\/\/www.facebook.com\/FAECO.UANL\/","article_modified_time":"2023-09-20T15:08:57+00:00","twitter_card":"summary_large_image","twitter_site":"@economia_uanl","schema":{"@context":"https:\/\/schema.org","@graph":[{"@type":"WebPage","@id":"https:\/\/economia.uanl.mx\/investigadores\/","url":"https:\/\/economia.uanl.mx\/investigadores\/","name":"Investigadores - Facultad de Econom\u00eda UANL","isPartOf":{"@id":"https:\/\/economia.uanl.mx\/#website"},"datePublished":"2021-07-23T10:19:55+00:00","dateModified":"2023-09-20T15:08:57+00:00","breadcrumb":{"@id":"https:\/\/economia.uanl.mx\/investigadores\/#breadcrumb"},"inLanguage":"en-US","potentialAction":[{"@type":"ReadAction","target":["https:\/\/economia.uanl.mx\/investigadores\/"]}]},{"@type":"BreadcrumbList","@id":"https:\/\/economia.uanl.mx\/investigadores\/#breadcrumb","itemListElement":[{"@type":"ListItem","position":1,"name":"Inicio","item":"https:\/\/economia.uanl.mx\/"},{"@type":"ListItem","position":2,"name":"Investigadores"}]},{"@type":"WebSite","@id":"https:\/\/economia.uanl.mx\/#website","url":"https:\/\/economia.uanl.mx\/","name":"Facultad de Econom\u00eda UANL","description":"UANL","potentialAction":[{"@type":"SearchAction","target":{"@type":"EntryPoint","urlTemplate":"https:\/\/economia.uanl.mx\/?s={search_term_string}"},"query-input":{"@type":"PropertyValueSpecification","valueRequired":true,"valueName":"search_term_string"}}],"inLanguage":"en-US"}]}},"_links":{"self":[{"href":"https:\/\/economia.uanl.mx\/en\/wp-json\/wp\/v2\/pages\/44937","targetHints":{"allow":["GET"]}}],"collection":[{"href":"https:\/\/economia.uanl.mx\/en\/wp-json\/wp\/v2\/pages"}],"about":[{"href":"https:\/\/economia.uanl.mx\/en\/wp-json\/wp\/v2\/types\/page"}],"author":[{"embeddable":true,"href":"https:\/\/economia.uanl.mx\/en\/wp-json\/wp\/v2\/users\/21"}],"replies":[{"embeddable":true,"href":"https:\/\/economia.uanl.mx\/en\/wp-json\/wp\/v2\/comments?post=44937"}],"version-history":[{"count":9,"href":"https:\/\/economia.uanl.mx\/en\/wp-json\/wp\/v2\/pages\/44937\/revisions"}],"predecessor-version":[{"id":46901,"href":"https:\/\/economia.uanl.mx\/en\/wp-json\/wp\/v2\/pages\/44937\/revisions\/46901"}],"wp:attachment":[{"href":"https:\/\/economia.uanl.mx\/en\/wp-json\/wp\/v2\/media?parent=44937"}],"wp:term":[{"taxonomy":"post_tag","embeddable":true,"href":"https:\/\/economia.uanl.mx\/en\/wp-json\/wp\/v2\/tags?post=44937"}],"curies":[{"name":"wp","href":"https:\/\/api.w.org\/{rel}","templated":true}]}}