{"id":41232,"date":"2019-11-07T07:20:44","date_gmt":"2019-11-07T13:20:44","guid":{"rendered":"https:\/\/arquitectura.uanl.mx\/?page_id=41232"},"modified":"2022-02-19T16:18:31","modified_gmt":"2022-02-19T22:18:31","slug":"mision","status":"publish","type":"page","link":"https:\/\/economia.uanl.mx\/en\/mision\/","title":{"rendered":"Mission, Vision, and Values"},"content":{"rendered":"<p><strong>The mission of the Facultad de Econom\u00eda is to place economic science at the service of humanity, fulfilling the core functions established for the Universidad Aut\u00f3noma de Nuevo Le\u00f3n by its Organic Law: teaching, research, dissemination of knowledge, and social service.<\/strong><\/p>\n<p>In line with its internal regulations, the Faculty maintains the same founding objectives:<\/p>\n<p><strong>a)<\/strong> \u00a0 The comprehensive education of economists at both undergraduate and graduate levels, with an emphasis on methodological tools that enable them to develop analytical thinking, a critical spirit, a strong work discipline, and sensitivity to society\u2019s economic problems. This prepares graduates to perform effectively in the following areas:<\/p>\n<ul>\n<li>Advising on public policy and administration<\/li>\n<li>Management of private enterprises and organizations of employers, workers, and consumers<\/li>\n<li>Teaching in institutions of higher education<\/li>\n<li>Economic research in academic, governmental, private, and international organizations<\/li>\n<li>Dissemination of economic analysis through specialized media<\/li>\n<li>Other professional activities requiring the expertise of an economist<\/li>\n<\/ul>\n<p><strong>b)<\/strong> \u00a0 The support and maintenance of a Center for Economic Research (CIE), whose core mission is to produce and disseminate high-level economic research aimed at improving general well-being, integrating research into the teaching and learning process at the Facultad de Econom\u00eda.<\/p>\n<p><strong>c)<\/strong> \u00a0 The dissemination of knowledge in the field of Economics related to regional, national, and international issues through the Faculty\u2019s periodic publications, the sponsorship of works by national and international authors, conferences, and other outreach activities.<\/p>\n<p><strong>d)<\/strong> \u00a0 The maintenance and continuous updating of information services that provide priority support to students, professors, and researchers at the Facultad de Econom\u00eda.<\/p>","protected":false},"excerpt":{"rendered":"<p>\u201cLa misi\u00f3n de la Facultad es poner la ciencia econ\u00f3mica al servicio del hombre, realizando las funciones marcadas a la Universidad Aut\u00f3noma de Nuevo Le\u00f3n por su Ley Org\u00e1nica: docencia, investigaci\u00f3n difusi\u00f3n del conocimiento y servicio social\u201d En consecuencia, de acuerdo con su reglamento interno, sus objetivos siguen siendo aquellos con que fue fundada: a) [&hellip;]<\/p>","protected":false},"author":21,"featured_media":0,"parent":0,"menu_order":0,"comment_status":"closed","ping_status":"closed","template":"page-templates\/template_contenido_estandar_page.php","meta":{"footnotes":""},"tags":[262,3964,907,6641,6643,6642],"class_list":["post-41232","page","type-page","status-publish","hentry","tag-facultad-de-economia","tag-facultad-de-economia-de-la-uanl","tag-facultad-de-economia-uanl","tag-mision-facultad-de-economia","tag-valores-de-facultad-de-economia","tag-vision-facultad-de-economia"],"yoast_head":"<!-- This site is optimized with the Yoast SEO plugin v24.8.1 - https:\/\/yoast.com\/wordpress\/plugins\/seo\/ -->\n<title>Misi\u00f3n, visi\u00f3n y valores - Facultad de Econom\u00eda UANL<\/title>\n<meta name=\"robots\" content=\"index, follow, max-snippet:-1, max-image-preview:large, max-video-preview:-1\" \/>\n<link rel=\"canonical\" href=\"https:\/\/economia.uanl.mx\/en\/mision\/\" \/>\n<meta property=\"og:locale\" content=\"en_US\" \/>\n<meta property=\"og:type\" content=\"article\" \/>\n<meta property=\"og:title\" content=\"Misi\u00f3n, visi\u00f3n y valores - Facultad de Econom\u00eda UANL\" \/>\n<meta property=\"og:description\" content=\"\u201cLa misi\u00f3n de la Facultad es poner la ciencia econ\u00f3mica al servicio del hombre, realizando las funciones marcadas a la Universidad Aut\u00f3noma de Nuevo Le\u00f3n por su Ley Org\u00e1nica: docencia, investigaci\u00f3n difusi\u00f3n del conocimiento y servicio social\u201d En consecuencia, de acuerdo con su reglamento interno, sus objetivos siguen siendo aquellos con que fue fundada: a) [&hellip;]\" \/>\n<meta property=\"og:url\" content=\"https:\/\/economia.uanl.mx\/en\/mision\/\" \/>\n<meta property=\"og:site_name\" content=\"Facultad de Econom\u00eda UANL\" \/>\n<meta property=\"article:publisher\" content=\"https:\/\/www.facebook.com\/FAECO.UANL\/\" \/>\n<meta property=\"article:modified_time\" content=\"2022-02-19T22:18:31+00:00\" \/>\n<meta name=\"twitter:card\" content=\"summary_large_image\" \/>\n<meta name=\"twitter:site\" content=\"@economia_uanl\" \/>\n<meta name=\"twitter:label1\" content=\"Est. reading time\" \/>\n\t<meta name=\"twitter:data1\" content=\"2 minutes\" \/>\n<script type=\"application\/ld+json\" class=\"yoast-schema-graph\">{\"@context\":\"https:\/\/schema.org\",\"@graph\":[{\"@type\":\"WebPage\",\"@id\":\"https:\/\/economia.uanl.mx\/en\/mision\/\",\"url\":\"https:\/\/economia.uanl.mx\/en\/mision\/\",\"name\":\"Misi\u00f3n, visi\u00f3n y valores - Facultad de Econom\u00eda UANL\",\"isPartOf\":{\"@id\":\"https:\/\/economia.uanl.mx\/#website\"},\"datePublished\":\"2019-11-07T13:20:44+00:00\",\"dateModified\":\"2022-02-19T22:18:31+00:00\",\"breadcrumb\":{\"@id\":\"https:\/\/economia.uanl.mx\/en\/mision\/#breadcrumb\"},\"inLanguage\":\"en-US\",\"potentialAction\":[{\"@type\":\"ReadAction\",\"target\":[\"https:\/\/economia.uanl.mx\/en\/mision\/\"]}]},{\"@type\":\"BreadcrumbList\",\"@id\":\"https:\/\/economia.uanl.mx\/en\/mision\/#breadcrumb\",\"itemListElement\":[{\"@type\":\"ListItem\",\"position\":1,\"name\":\"Inicio\",\"item\":\"https:\/\/economia.uanl.mx\/\"},{\"@type\":\"ListItem\",\"position\":2,\"name\":\"Misi\u00f3n, visi\u00f3n y valores\"}]},{\"@type\":\"WebSite\",\"@id\":\"https:\/\/economia.uanl.mx\/#website\",\"url\":\"https:\/\/economia.uanl.mx\/\",\"name\":\"Facultad de Econom\u00eda UANL\",\"description\":\"UANL\",\"potentialAction\":[{\"@type\":\"SearchAction\",\"target\":{\"@type\":\"EntryPoint\",\"urlTemplate\":\"https:\/\/economia.uanl.mx\/?s={search_term_string}\"},\"query-input\":{\"@type\":\"PropertyValueSpecification\",\"valueRequired\":true,\"valueName\":\"search_term_string\"}}],\"inLanguage\":\"en-US\"}]}<\/script>\n<!-- \/ Yoast SEO plugin. -->","yoast_head_json":{"title":"Misi\u00f3n, visi\u00f3n y valores - Facultad de Econom\u00eda UANL","robots":{"index":"index","follow":"follow","max-snippet":"max-snippet:-1","max-image-preview":"max-image-preview:large","max-video-preview":"max-video-preview:-1"},"canonical":"https:\/\/economia.uanl.mx\/en\/mision\/","og_locale":"en_US","og_type":"article","og_title":"Misi\u00f3n, visi\u00f3n y valores - Facultad de Econom\u00eda UANL","og_description":"\u201cLa misi\u00f3n de la Facultad es poner la ciencia econ\u00f3mica al servicio del hombre, realizando las funciones marcadas a la Universidad Aut\u00f3noma de Nuevo Le\u00f3n por su Ley Org\u00e1nica: docencia, investigaci\u00f3n difusi\u00f3n del conocimiento y servicio social\u201d En consecuencia, de acuerdo con su reglamento interno, sus objetivos siguen siendo aquellos con que fue fundada: a) [&hellip;]","og_url":"https:\/\/economia.uanl.mx\/en\/mision\/","og_site_name":"Facultad de Econom\u00eda UANL","article_publisher":"https:\/\/www.facebook.com\/FAECO.UANL\/","article_modified_time":"2022-02-19T22:18:31+00:00","twitter_card":"summary_large_image","twitter_site":"@economia_uanl","twitter_misc":{"Est. reading time":"2 minutes"},"schema":{"@context":"https:\/\/schema.org","@graph":[{"@type":"WebPage","@id":"https:\/\/economia.uanl.mx\/en\/mision\/","url":"https:\/\/economia.uanl.mx\/en\/mision\/","name":"Misi\u00f3n, visi\u00f3n y valores - Facultad de Econom\u00eda UANL","isPartOf":{"@id":"https:\/\/economia.uanl.mx\/#website"},"datePublished":"2019-11-07T13:20:44+00:00","dateModified":"2022-02-19T22:18:31+00:00","breadcrumb":{"@id":"https:\/\/economia.uanl.mx\/en\/mision\/#breadcrumb"},"inLanguage":"en-US","potentialAction":[{"@type":"ReadAction","target":["https:\/\/economia.uanl.mx\/en\/mision\/"]}]},{"@type":"BreadcrumbList","@id":"https:\/\/economia.uanl.mx\/en\/mision\/#breadcrumb","itemListElement":[{"@type":"ListItem","position":1,"name":"Inicio","item":"https:\/\/economia.uanl.mx\/"},{"@type":"ListItem","position":2,"name":"Misi\u00f3n, visi\u00f3n y valores"}]},{"@type":"WebSite","@id":"https:\/\/economia.uanl.mx\/#website","url":"https:\/\/economia.uanl.mx\/","name":"Facultad de Econom\u00eda UANL","description":"UANL","potentialAction":[{"@type":"SearchAction","target":{"@type":"EntryPoint","urlTemplate":"https:\/\/economia.uanl.mx\/?s={search_term_string}"},"query-input":{"@type":"PropertyValueSpecification","valueRequired":true,"valueName":"search_term_string"}}],"inLanguage":"en-US"}]}},"_links":{"self":[{"href":"https:\/\/economia.uanl.mx\/en\/wp-json\/wp\/v2\/pages\/41232","targetHints":{"allow":["GET"]}}],"collection":[{"href":"https:\/\/economia.uanl.mx\/en\/wp-json\/wp\/v2\/pages"}],"about":[{"href":"https:\/\/economia.uanl.mx\/en\/wp-json\/wp\/v2\/types\/page"}],"author":[{"embeddable":true,"href":"https:\/\/economia.uanl.mx\/en\/wp-json\/wp\/v2\/users\/21"}],"replies":[{"embeddable":true,"href":"https:\/\/economia.uanl.mx\/en\/wp-json\/wp\/v2\/comments?post=41232"}],"version-history":[{"count":28,"href":"https:\/\/economia.uanl.mx\/en\/wp-json\/wp\/v2\/pages\/41232\/revisions"}],"predecessor-version":[{"id":45698,"href":"https:\/\/economia.uanl.mx\/en\/wp-json\/wp\/v2\/pages\/41232\/revisions\/45698"}],"wp:attachment":[{"href":"https:\/\/economia.uanl.mx\/en\/wp-json\/wp\/v2\/media?parent=41232"}],"wp:term":[{"taxonomy":"post_tag","embeddable":true,"href":"https:\/\/economia.uanl.mx\/en\/wp-json\/wp\/v2\/tags?post=41232"}],"curies":[{"name":"wp","href":"https:\/\/api.w.org\/{rel}","templated":true}]}}