{"id":41228,"date":"2019-11-07T07:17:08","date_gmt":"2019-11-07T13:17:08","guid":{"rendered":"https:\/\/arquitectura.uanl.mx\/?page_id=41228"},"modified":"2022-11-22T13:21:10","modified_gmt":"2022-11-22T19:21:10","slug":"mensaje-de-la-directora","status":"publish","type":"page","link":"https:\/\/economia.uanl.mx\/en\/mensaje-de-la-directora\/","title":{"rendered":"Dean's Message"},"content":{"rendered":"<p align=\"justify\">Since its founding in 1957 and re-establishment in 1958, the Facultad de Econom\u00eda has consistently stood out as one of the leading schools of economics in the country. With a tradition of academic rigor, a teaching staff recognized for their academic and research achievements, certified and high-quality academic programs, full-time students, and a Center for Economic Research that connects students and faculty with applied economics in service to society\u2014along with top-tier facilities and equipment.\n\nAll of this has made it possible for the model promoted and implemented by Rodrigo G\u00f3mez, Daniel Cos\u00edo-Villegas, Consuelo Meyer, and V\u00edctor Urquidi\u2014as well as the academic and administrative staff who believed in this vision nearly 65 years ago\u2014to remain relevant and enduring to this day.<\/p>\n<p><a href=\"https:\/\/www.uanl.mx\/funcionarios\/joana-cecilia-chapa-cantu\/\" target=\"_blank\" rel=\"noopener noreferrer\"><span data-contrast=\"none\">Dra. Joana Cecilia Chapa Cant\u00fa<\/span><\/a><br \/>\n<span data-contrast=\"none\">Director<\/span><\/p>","protected":false},"excerpt":{"rendered":"<p>Desde su fundaci\u00f3n en 1957 y refundaci\u00f3n en 1958, la Facultad de Econom\u00eda siempre se ha distinguido por ser una de las mejores escuelas de econom\u00eda del pa\u00eds; con una tradici\u00f3n de exigencia acad\u00e9mica, personal docente reconocido por su trayectoria acad\u00e9mica y de investigaci\u00f3n, Planes de Estudios certificados y de alta calidad, alumnos de tiempo [&hellip;]<\/p>","protected":false},"author":21,"featured_media":46547,"parent":0,"menu_order":0,"comment_status":"closed","ping_status":"closed","template":"page-templates\/template_contenido_estandar_page.php","meta":{"footnotes":""},"tags":[262,3964,907,6638],"class_list":["post-41228","page","type-page","status-publish","has-post-thumbnail","hentry","tag-facultad-de-economia","tag-facultad-de-economia-de-la-uanl","tag-facultad-de-economia-uanl","tag-mtro-jose-raymundo-galan-gonzalez"],"yoast_head":"<!-- This site is optimized with the Yoast SEO plugin v24.8.1 - https:\/\/yoast.com\/wordpress\/plugins\/seo\/ -->\n<title>Mensaje de la Directora - Facultad de Econom\u00eda UANL<\/title>\n<meta name=\"robots\" content=\"index, follow, max-snippet:-1, max-image-preview:large, max-video-preview:-1\" \/>\n<link rel=\"canonical\" href=\"https:\/\/economia.uanl.mx\/en\/mensaje-de-la-directora\/\" \/>\n<meta property=\"og:locale\" content=\"en_US\" \/>\n<meta property=\"og:type\" content=\"article\" \/>\n<meta property=\"og:title\" content=\"Mensaje de la Directora - Facultad de Econom\u00eda UANL\" \/>\n<meta property=\"og:description\" content=\"Desde su fundaci\u00f3n en 1957 y refundaci\u00f3n en 1958, la Facultad de Econom\u00eda siempre se ha distinguido por ser una de las mejores escuelas de econom\u00eda del pa\u00eds; con una tradici\u00f3n de exigencia acad\u00e9mica, personal docente reconocido por su trayectoria acad\u00e9mica y de investigaci\u00f3n, Planes de Estudios certificados y de alta calidad, alumnos de tiempo [&hellip;]\" \/>\n<meta property=\"og:url\" content=\"https:\/\/economia.uanl.mx\/en\/mensaje-de-la-directora\/\" \/>\n<meta property=\"og:site_name\" content=\"Facultad de Econom\u00eda UANL\" \/>\n<meta property=\"article:publisher\" content=\"https:\/\/www.facebook.com\/FAECO.UANL\/\" \/>\n<meta property=\"article:modified_time\" content=\"2022-11-22T19:21:10+00:00\" \/>\n<meta property=\"og:image\" content=\"https:\/\/economia.uanl.mx\/wp-content\/uploads\/2022\/11\/UANL-3-4.jpg\" \/>\n\t<meta property=\"og:image:width\" content=\"600\" \/>\n\t<meta property=\"og:image:height\" content=\"897\" \/>\n\t<meta property=\"og:image:type\" content=\"image\/jpeg\" \/>\n<meta name=\"twitter:card\" content=\"summary_large_image\" \/>\n<meta name=\"twitter:site\" content=\"@economia_uanl\" \/>\n<meta name=\"twitter:label1\" content=\"Est. reading time\" \/>\n\t<meta name=\"twitter:data1\" content=\"1 minute\" \/>\n<script type=\"application\/ld+json\" class=\"yoast-schema-graph\">{\"@context\":\"https:\/\/schema.org\",\"@graph\":[{\"@type\":\"WebPage\",\"@id\":\"https:\/\/economia.uanl.mx\/mensaje-de-la-directora\/\",\"url\":\"https:\/\/economia.uanl.mx\/mensaje-de-la-directora\/\",\"name\":\"Mensaje de la Directora - Facultad de Econom\u00eda UANL\",\"isPartOf\":{\"@id\":\"https:\/\/economia.uanl.mx\/#website\"},\"primaryImageOfPage\":{\"@id\":\"https:\/\/economia.uanl.mx\/mensaje-de-la-directora\/#primaryimage\"},\"image\":{\"@id\":\"https:\/\/economia.uanl.mx\/mensaje-de-la-directora\/#primaryimage\"},\"thumbnailUrl\":\"https:\/\/economia.uanl.mx\/wp-content\/uploads\/2022\/11\/UANL-3-4.jpg\",\"datePublished\":\"2019-11-07T13:17:08+00:00\",\"dateModified\":\"2022-11-22T19:21:10+00:00\",\"breadcrumb\":{\"@id\":\"https:\/\/economia.uanl.mx\/mensaje-de-la-directora\/#breadcrumb\"},\"inLanguage\":\"en-US\",\"potentialAction\":[{\"@type\":\"ReadAction\",\"target\":[\"https:\/\/economia.uanl.mx\/mensaje-de-la-directora\/\"]}]},{\"@type\":\"ImageObject\",\"inLanguage\":\"en-US\",\"@id\":\"https:\/\/economia.uanl.mx\/mensaje-de-la-directora\/#primaryimage\",\"url\":\"https:\/\/economia.uanl.mx\/wp-content\/uploads\/2022\/11\/UANL-3-4.jpg\",\"contentUrl\":\"https:\/\/economia.uanl.mx\/wp-content\/uploads\/2022\/11\/UANL-3-4.jpg\",\"width\":600,\"height\":897},{\"@type\":\"BreadcrumbList\",\"@id\":\"https:\/\/economia.uanl.mx\/mensaje-de-la-directora\/#breadcrumb\",\"itemListElement\":[{\"@type\":\"ListItem\",\"position\":1,\"name\":\"Inicio\",\"item\":\"https:\/\/economia.uanl.mx\/\"},{\"@type\":\"ListItem\",\"position\":2,\"name\":\"Mensaje de la Directora\"}]},{\"@type\":\"WebSite\",\"@id\":\"https:\/\/economia.uanl.mx\/#website\",\"url\":\"https:\/\/economia.uanl.mx\/\",\"name\":\"Facultad de Econom\u00eda UANL\",\"description\":\"UANL\",\"potentialAction\":[{\"@type\":\"SearchAction\",\"target\":{\"@type\":\"EntryPoint\",\"urlTemplate\":\"https:\/\/economia.uanl.mx\/?s={search_term_string}\"},\"query-input\":{\"@type\":\"PropertyValueSpecification\",\"valueRequired\":true,\"valueName\":\"search_term_string\"}}],\"inLanguage\":\"en-US\"}]}<\/script>\n<!-- \/ Yoast SEO plugin. -->","yoast_head_json":{"title":"Mensaje de la Directora - Facultad de Econom\u00eda UANL","robots":{"index":"index","follow":"follow","max-snippet":"max-snippet:-1","max-image-preview":"max-image-preview:large","max-video-preview":"max-video-preview:-1"},"canonical":"https:\/\/economia.uanl.mx\/en\/mensaje-de-la-directora\/","og_locale":"en_US","og_type":"article","og_title":"Mensaje de la Directora - Facultad de Econom\u00eda UANL","og_description":"Desde su fundaci\u00f3n en 1957 y refundaci\u00f3n en 1958, la Facultad de Econom\u00eda siempre se ha distinguido por ser una de las mejores escuelas de econom\u00eda del pa\u00eds; con una tradici\u00f3n de exigencia acad\u00e9mica, personal docente reconocido por su trayectoria acad\u00e9mica y de investigaci\u00f3n, Planes de Estudios certificados y de alta calidad, alumnos de tiempo [&hellip;]","og_url":"https:\/\/economia.uanl.mx\/en\/mensaje-de-la-directora\/","og_site_name":"Facultad de Econom\u00eda UANL","article_publisher":"https:\/\/www.facebook.com\/FAECO.UANL\/","article_modified_time":"2022-11-22T19:21:10+00:00","og_image":[{"width":600,"height":897,"url":"https:\/\/economia.uanl.mx\/wp-content\/uploads\/2022\/11\/UANL-3-4.jpg","type":"image\/jpeg"}],"twitter_card":"summary_large_image","twitter_site":"@economia_uanl","twitter_misc":{"Est. reading time":"1 minute"},"schema":{"@context":"https:\/\/schema.org","@graph":[{"@type":"WebPage","@id":"https:\/\/economia.uanl.mx\/mensaje-de-la-directora\/","url":"https:\/\/economia.uanl.mx\/mensaje-de-la-directora\/","name":"Mensaje de la Directora - Facultad de Econom\u00eda UANL","isPartOf":{"@id":"https:\/\/economia.uanl.mx\/#website"},"primaryImageOfPage":{"@id":"https:\/\/economia.uanl.mx\/mensaje-de-la-directora\/#primaryimage"},"image":{"@id":"https:\/\/economia.uanl.mx\/mensaje-de-la-directora\/#primaryimage"},"thumbnailUrl":"https:\/\/economia.uanl.mx\/wp-content\/uploads\/2022\/11\/UANL-3-4.jpg","datePublished":"2019-11-07T13:17:08+00:00","dateModified":"2022-11-22T19:21:10+00:00","breadcrumb":{"@id":"https:\/\/economia.uanl.mx\/mensaje-de-la-directora\/#breadcrumb"},"inLanguage":"en-US","potentialAction":[{"@type":"ReadAction","target":["https:\/\/economia.uanl.mx\/mensaje-de-la-directora\/"]}]},{"@type":"ImageObject","inLanguage":"en-US","@id":"https:\/\/economia.uanl.mx\/mensaje-de-la-directora\/#primaryimage","url":"https:\/\/economia.uanl.mx\/wp-content\/uploads\/2022\/11\/UANL-3-4.jpg","contentUrl":"https:\/\/economia.uanl.mx\/wp-content\/uploads\/2022\/11\/UANL-3-4.jpg","width":600,"height":897},{"@type":"BreadcrumbList","@id":"https:\/\/economia.uanl.mx\/mensaje-de-la-directora\/#breadcrumb","itemListElement":[{"@type":"ListItem","position":1,"name":"Inicio","item":"https:\/\/economia.uanl.mx\/"},{"@type":"ListItem","position":2,"name":"Mensaje de la Directora"}]},{"@type":"WebSite","@id":"https:\/\/economia.uanl.mx\/#website","url":"https:\/\/economia.uanl.mx\/","name":"Facultad de Econom\u00eda UANL","description":"UANL","potentialAction":[{"@type":"SearchAction","target":{"@type":"EntryPoint","urlTemplate":"https:\/\/economia.uanl.mx\/?s={search_term_string}"},"query-input":{"@type":"PropertyValueSpecification","valueRequired":true,"valueName":"search_term_string"}}],"inLanguage":"en-US"}]}},"_links":{"self":[{"href":"https:\/\/economia.uanl.mx\/en\/wp-json\/wp\/v2\/pages\/41228","targetHints":{"allow":["GET"]}}],"collection":[{"href":"https:\/\/economia.uanl.mx\/en\/wp-json\/wp\/v2\/pages"}],"about":[{"href":"https:\/\/economia.uanl.mx\/en\/wp-json\/wp\/v2\/types\/page"}],"author":[{"embeddable":true,"href":"https:\/\/economia.uanl.mx\/en\/wp-json\/wp\/v2\/users\/21"}],"replies":[{"embeddable":true,"href":"https:\/\/economia.uanl.mx\/en\/wp-json\/wp\/v2\/comments?post=41228"}],"version-history":[{"count":25,"href":"https:\/\/economia.uanl.mx\/en\/wp-json\/wp\/v2\/pages\/41228\/revisions"}],"predecessor-version":[{"id":46549,"href":"https:\/\/economia.uanl.mx\/en\/wp-json\/wp\/v2\/pages\/41228\/revisions\/46549"}],"wp:featuredmedia":[{"embeddable":true,"href":"https:\/\/economia.uanl.mx\/en\/wp-json\/wp\/v2\/media\/46547"}],"wp:attachment":[{"href":"https:\/\/economia.uanl.mx\/en\/wp-json\/wp\/v2\/media?parent=41228"}],"wp:term":[{"taxonomy":"post_tag","embeddable":true,"href":"https:\/\/economia.uanl.mx\/en\/wp-json\/wp\/v2\/tags?post=41228"}],"curies":[{"name":"wp","href":"https:\/\/api.w.org\/{rel}","templated":true}]}}