{"id":1597,"date":"2018-06-19T15:43:56","date_gmt":"2018-06-19T15:43:56","guid":{"rendered":"http:\/\/uanl-principal.avalogics.com\/?page_id=1597"},"modified":"2023-09-12T09:08:26","modified_gmt":"2023-09-12T15:08:26","slug":"antecedentes","status":"publish","type":"page","link":"https:\/\/economia.uanl.mx\/en\/antecedentes\/","title":{"rendered":"History"},"content":{"rendered":"<p><span data-contrast=\"none\">The Facultad de Econom\u00eda of the Universidad Aut\u00f3noma de Nuevo Le\u00f3n was established in 1957 as part of the Facultad de Contadur\u00eda y Administraci\u00f3n, with its first Director being C.P. Ram\u00f3n C\u00e1rdenas Coronado. The Bachelor\u2019s in Economics degree offered in its first year closely followed the model of the Escuela Nacional de Econom\u00eda at UNAM. For this emerging school, in addition to the inherent challenges of replicating the UNAM model, there was the added difficulty of lacking any economists among its faculty: classes were taught by lawyers and accountants.<\/span><span data-ccp-props=\"{&quot;134233117&quot;:true,&quot;134233118&quot;:true,&quot;201341983&quot;:2,&quot;335551550&quot;:6,&quot;335551620&quot;:6,&quot;335559740&quot;:408}\">\u00a0<\/span><\/p>\n<p><span data-contrast=\"none\">Given this situation, the Director requested the support of Don Rodrigo G\u00f3mez, then Director of the Bank of Mexico, to strengthen the Facultad.<\/span><span data-ccp-props=\"{&quot;134233117&quot;:true,&quot;134233118&quot;:true,&quot;201341983&quot;:2,&quot;335551550&quot;:6,&quot;335551620&quot;:6,&quot;335559740&quot;:408}\">\u00a0<\/span><\/p>\n<p><span data-contrast=\"none\">Don Rodrigo appointed Ms. Consuelo Meyer L\u2019Epp\u00e9, an economist at the Bank of Mexico, to lead this new effort, and she arrived in Monterrey in 1957 with the intention of establishing what could become \u201cone of the best schools of economics in the country and even in Latin America.\u201d She assumed the Directorship of the Facultad de Econom\u00eda and committed to remaining at its helm until the first generation graduated in 1963.<\/span><span data-ccp-props=\"{&quot;134233117&quot;:true,&quot;134233118&quot;:true,&quot;201341983&quot;:2,&quot;335551550&quot;:6,&quot;335551620&quot;:6,&quot;335559740&quot;:408}\">\u00a0<\/span><\/p>\n<p><span data-contrast=\"none\">Ms. Meyer graduated from the Escuela Nacional de Econom\u00eda in 1946 and had taken courses at the Escuela Nacional de Jurisprudencia, the Facultad de Filosof\u00eda y Letras, and the Escuela Nacional de Antropolog\u00eda at UNAM. She pursued postgraduate studies in economics at the University of London in England. In 1956, she was commissioned by the Bank of Mexico to lead a course in Economic Analysis at the University of Chile.<\/span><span data-ccp-props=\"{&quot;134233117&quot;:true,&quot;134233118&quot;:true,&quot;201341983&quot;:2,&quot;335551550&quot;:6,&quot;335551620&quot;:6,&quot;335559740&quot;:408}\">\u00a0<\/span><\/p>\n<p><span data-contrast=\"none\">Upon arriving in the city, she immediately recognized the need to rethink the recently launched teaching model. With unwavering determination and great persuasive ability, she managed to convince more than 60 students to forgo the credits earned in the school\u2019s first year and restart their studies under a new program. Initially, there were both morning and evening shifts, but the latter was discontinued a year later.<\/span><span data-ccp-props=\"{&quot;134233117&quot;:true,&quot;134233118&quot;:true,&quot;201341983&quot;:2,&quot;335551550&quot;:6,&quot;335551620&quot;:6,&quot;335559740&quot;:408}\">\u00a0<\/span><\/p>\n<p><span data-contrast=\"none\">In Ms. Meyer\u2019s own words:\n\n\u201cMy project lacked originality; the novelty was in putting it into practice in Mexico, in a provincial school, and securing the means required to do so. Essentially, it was about creating, from extremely limited circumstances, a full-time, well-paid, and competent faculty; establishing a suitable process for selecting students and requiring them to dedicate themselves exclusively to studying \u2014 with scholarships, as much as possible \u2014; implementing a curriculum focused on a few but well-taught subjects; forming a good, properly managed library; and strictly adhering to course programs, calendars, and work schedules.\u201d<\/span><span data-ccp-props=\"{&quot;134233117&quot;:true,&quot;134233118&quot;:true,&quot;201341983&quot;:2,&quot;335551550&quot;:6,&quot;335551620&quot;:6,&quot;335559740&quot;:408}\">\u00a0<\/span><\/p>\n<p><span data-contrast=\"none\">The project was approved by Don Rodrigo G\u00f3mez, who offered additional support from the Bank of Mexico. His generous support was joined by that of Don Daniel Cos\u00edo Villegas and Don V\u00edctor L. Urquidi. The former, in addition to advising on the curriculum design, agreed to serve as honorary director of the Facultad.<\/span><span data-ccp-props=\"{&quot;134233117&quot;:true,&quot;134233118&quot;:true,&quot;201341983&quot;:2,&quot;335551550&quot;:6,&quot;335551620&quot;:6,&quot;335559740&quot;:408}\">\u00a0<\/span><\/p>\n<p><span data-contrast=\"none\">During the institution\u2019s formative stage, the collaboration of Don V\u00edctor L. Urquidi was decisive. In addition to his technical advice, he carried out outstanding promotional work, which resulted in the recruitment of excellent faculty and the acquisition of research projects.<\/span><span data-ccp-props=\"{&quot;134233117&quot;:true,&quot;134233118&quot;:true,&quot;201341983&quot;:2,&quot;335551550&quot;:6,&quot;335551620&quot;:6,&quot;335559740&quot;:408}\">\u00a0<\/span><\/p>\n<p><span data-contrast=\"none\">All graduates of the Facultad de Econom\u00eda recognize the work of Ms. Meyer, and the vast majority even consider that the true founding of the school occurred in 1958, when Ms. Meyer\u2019s project began operating. In her honor, the Facultad\u2019s library bears her name.<\/span><span data-ccp-props=\"{&quot;134233117&quot;:true,&quot;134233118&quot;:true,&quot;201341983&quot;:2,&quot;335551550&quot;:6,&quot;335551620&quot;:6,&quot;335559740&quot;:408}\">\u00a0<\/span><\/p>\n<p><span data-contrast=\"none\">Today, her project continues to train economists with solid foundations in economic theory, statistics, and quantitative methods, enabling them to develop analytical thinking, critical spirit, a strong work discipline, and sensitivity to the economic problems of society\u2014equipping them to act effectively across various professional fields.<\/span><span data-ccp-props=\"{&quot;134233117&quot;:true,&quot;134233118&quot;:true,&quot;201341983&quot;:2,&quot;335551550&quot;:6,&quot;335551620&quot;:6,&quot;335559740&quot;:408}\">\u00a0<\/span><\/p>\n<p><span data-contrast=\"none\">Additionally, Maestra Consuelo Meyer, Director of the Facultad de Econom\u00eda, had the vision to promote the creation of the Centro de Investigaciones Econ\u00f3micas (CIE), with the aim of supporting both theoretical and applied economic research to benefit the public and private sectors of northeastern Mexico (Nuevo Le\u00f3n, Coahuila, and Tamaulipas). Among its objectives was to contribute to the academic program of the Facultad de Econom\u00eda by connecting its faculty and students with the economic and social realities of the region. The first Director of the CIE was Lic. Manuel Rodr\u00edguez Cisneros, an economist from the Bank of Mexico. Today, the CIE carries out economic consulting and research at the national level and offers four products to the public free of charge: Ensayos Revista de Econom\u00eda, the Economic Environment Indicators bulletin, the development and publication of the Consumer Price Index for the Metropolitan Area of Monterrey, and an Economic Calendar for public consultation. It also allows students from the Facultad to participate in the center\u2019s research projects.<\/span><span data-ccp-props=\"{&quot;201341983&quot;:0,&quot;335551550&quot;:6,&quot;335551620&quot;:6,&quot;335559739&quot;:160,&quot;335559740&quot;:276}\">\u00a0<\/span><\/p>\n<p><span data-contrast=\"none\">Over the years, the Facultad has been located in four campuses: Casa de las \u00c1guilas and Abasolo, both in the Barrio Antiguo; Loma Larga; and, most recently, since 2008, in the Mederos campus\u2014all located in Monterrey.<\/span><span data-ccp-props=\"{&quot;201341983&quot;:0,&quot;335551550&quot;:6,&quot;335551620&quot;:6,&quot;335559739&quot;:160,&quot;335559740&quot;:276}\">\u00a0<\/span><\/p>\n<p><span data-contrast=\"none\">Currently, four academic programs are offered: the Bachelor\u2019s in Economics, the Master\u2019s in Finance, the Master\u2019s in Economics with a specialization in Industrial Economics, and the Ph.D. in Economic Sciences.<\/span><span data-ccp-props=\"{&quot;134233117&quot;:true,&quot;134233118&quot;:true,&quot;201341983&quot;:2,&quot;335551550&quot;:6,&quot;335551620&quot;:6,&quot;335559740&quot;:408}\">\u00a0<\/span><\/p>","protected":false},"excerpt":{"rendered":"<p>La Facultad de Econom\u00eda de la Universidad Aut\u00f3noma de Nuevo Le\u00f3n fue creada en 1957, como parte de la Facultad de Contadur\u00eda y Administraci\u00f3n, siendo su primer Director el C.P. Ram\u00f3n C\u00e1rdenas Coronado. La carrera de Licenciado en Econom\u00eda que se ofreci\u00f3 el primer a\u00f1o segu\u00eda fielmente el modelo de la Escuela Nacional de Econom\u00eda [&hellip;]<\/p>","protected":false},"author":2,"featured_media":0,"parent":0,"menu_order":0,"comment_status":"closed","ping_status":"closed","template":"page-templates\/template_antecedentes.php","meta":{"footnotes":""},"tags":[6646,3635,3638,6645,3637,3636],"class_list":["post-1597","page","type-page","status-publish","hentry","tag-antecedentes-facultad-de-economia","tag-antecedentes-historicos-uanl","tag-antecedentes-uanl","tag-historia-facultad-de-economia","tag-historia-uanl","tag-semblanza-historica-uanl"],"yoast_head":"<!-- This site is optimized with the Yoast SEO plugin v24.8.1 - https:\/\/yoast.com\/wordpress\/plugins\/seo\/ -->\n<title>Antecedentes Hist\u00f3ricos - Facultad de Econom\u00eda UANL<\/title>\n<meta name=\"description\" content=\"Antecedentes de la Universidad Aut\u00f3noma de Nuevo Le\u00f3n. Nace oficialmente el 25 de Septiembre de 1933 con una matr\u00edcula de 1,864 alumnos y 218 profesores.\" \/>\n<meta name=\"robots\" content=\"index, follow, max-snippet:-1, max-image-preview:large, max-video-preview:-1\" \/>\n<link rel=\"canonical\" href=\"https:\/\/economia.uanl.mx\/en\/antecedentes\/\" \/>\n<meta property=\"og:locale\" content=\"en_US\" \/>\n<meta property=\"og:type\" content=\"article\" \/>\n<meta property=\"og:title\" content=\"Antecedentes Hist\u00f3ricos - Facultad de Econom\u00eda UANL\" \/>\n<meta property=\"og:description\" content=\"Antecedentes de la Universidad Aut\u00f3noma de Nuevo Le\u00f3n. Nace oficialmente el 25 de Septiembre de 1933 con una matr\u00edcula de 1,864 alumnos y 218 profesores.\" \/>\n<meta property=\"og:url\" content=\"https:\/\/economia.uanl.mx\/en\/antecedentes\/\" \/>\n<meta property=\"og:site_name\" content=\"Facultad de Econom\u00eda UANL\" \/>\n<meta property=\"article:publisher\" content=\"https:\/\/www.facebook.com\/FAECO.UANL\/\" \/>\n<meta property=\"article:modified_time\" content=\"2023-09-12T15:08:26+00:00\" \/>\n<meta name=\"twitter:card\" content=\"summary_large_image\" \/>\n<meta name=\"twitter:site\" content=\"@economia_uanl\" \/>\n<meta name=\"twitter:label1\" content=\"Est. reading time\" \/>\n\t<meta name=\"twitter:data1\" content=\"5 minutes\" \/>\n<script type=\"application\/ld+json\" class=\"yoast-schema-graph\">{\"@context\":\"https:\/\/schema.org\",\"@graph\":[{\"@type\":\"WebPage\",\"@id\":\"https:\/\/economia.uanl.mx\/antecedentes\/\",\"url\":\"https:\/\/economia.uanl.mx\/antecedentes\/\",\"name\":\"Antecedentes Hist\u00f3ricos - Facultad de Econom\u00eda UANL\",\"isPartOf\":{\"@id\":\"https:\/\/economia.uanl.mx\/#website\"},\"datePublished\":\"2018-06-19T15:43:56+00:00\",\"dateModified\":\"2023-09-12T15:08:26+00:00\",\"description\":\"Antecedentes de la Universidad Aut\u00f3noma de Nuevo Le\u00f3n. Nace oficialmente el 25 de Septiembre de 1933 con una matr\u00edcula de 1,864 alumnos y 218 profesores.\",\"breadcrumb\":{\"@id\":\"https:\/\/economia.uanl.mx\/antecedentes\/#breadcrumb\"},\"inLanguage\":\"en-US\",\"potentialAction\":[{\"@type\":\"ReadAction\",\"target\":[\"https:\/\/economia.uanl.mx\/antecedentes\/\"]}]},{\"@type\":\"BreadcrumbList\",\"@id\":\"https:\/\/economia.uanl.mx\/antecedentes\/#breadcrumb\",\"itemListElement\":[{\"@type\":\"ListItem\",\"position\":1,\"name\":\"Inicio\",\"item\":\"https:\/\/economia.uanl.mx\/\"},{\"@type\":\"ListItem\",\"position\":2,\"name\":\"Antecedentes Hist\u00f3ricos\"}]},{\"@type\":\"WebSite\",\"@id\":\"https:\/\/economia.uanl.mx\/#website\",\"url\":\"https:\/\/economia.uanl.mx\/\",\"name\":\"Facultad de Econom\u00eda UANL\",\"description\":\"UANL\",\"potentialAction\":[{\"@type\":\"SearchAction\",\"target\":{\"@type\":\"EntryPoint\",\"urlTemplate\":\"https:\/\/economia.uanl.mx\/?s={search_term_string}\"},\"query-input\":{\"@type\":\"PropertyValueSpecification\",\"valueRequired\":true,\"valueName\":\"search_term_string\"}}],\"inLanguage\":\"en-US\"}]}<\/script>\n<!-- \/ Yoast SEO plugin. -->","yoast_head_json":{"title":"Antecedentes Hist\u00f3ricos - Facultad de Econom\u00eda UANL","description":"Antecedentes de la Universidad Aut\u00f3noma de Nuevo Le\u00f3n. Nace oficialmente el 25 de Septiembre de 1933 con una matr\u00edcula de 1,864 alumnos y 218 profesores.","robots":{"index":"index","follow":"follow","max-snippet":"max-snippet:-1","max-image-preview":"max-image-preview:large","max-video-preview":"max-video-preview:-1"},"canonical":"https:\/\/economia.uanl.mx\/en\/antecedentes\/","og_locale":"en_US","og_type":"article","og_title":"Antecedentes Hist\u00f3ricos - Facultad de Econom\u00eda UANL","og_description":"Antecedentes de la Universidad Aut\u00f3noma de Nuevo Le\u00f3n. Nace oficialmente el 25 de Septiembre de 1933 con una matr\u00edcula de 1,864 alumnos y 218 profesores.","og_url":"https:\/\/economia.uanl.mx\/en\/antecedentes\/","og_site_name":"Facultad de Econom\u00eda UANL","article_publisher":"https:\/\/www.facebook.com\/FAECO.UANL\/","article_modified_time":"2023-09-12T15:08:26+00:00","twitter_card":"summary_large_image","twitter_site":"@economia_uanl","twitter_misc":{"Est. reading time":"5 minutes"},"schema":{"@context":"https:\/\/schema.org","@graph":[{"@type":"WebPage","@id":"https:\/\/economia.uanl.mx\/antecedentes\/","url":"https:\/\/economia.uanl.mx\/antecedentes\/","name":"Antecedentes Hist\u00f3ricos - Facultad de Econom\u00eda UANL","isPartOf":{"@id":"https:\/\/economia.uanl.mx\/#website"},"datePublished":"2018-06-19T15:43:56+00:00","dateModified":"2023-09-12T15:08:26+00:00","description":"Antecedentes de la Universidad Aut\u00f3noma de Nuevo Le\u00f3n. Nace oficialmente el 25 de Septiembre de 1933 con una matr\u00edcula de 1,864 alumnos y 218 profesores.","breadcrumb":{"@id":"https:\/\/economia.uanl.mx\/antecedentes\/#breadcrumb"},"inLanguage":"en-US","potentialAction":[{"@type":"ReadAction","target":["https:\/\/economia.uanl.mx\/antecedentes\/"]}]},{"@type":"BreadcrumbList","@id":"https:\/\/economia.uanl.mx\/antecedentes\/#breadcrumb","itemListElement":[{"@type":"ListItem","position":1,"name":"Inicio","item":"https:\/\/economia.uanl.mx\/"},{"@type":"ListItem","position":2,"name":"Antecedentes Hist\u00f3ricos"}]},{"@type":"WebSite","@id":"https:\/\/economia.uanl.mx\/#website","url":"https:\/\/economia.uanl.mx\/","name":"Facultad de Econom\u00eda UANL","description":"UANL","potentialAction":[{"@type":"SearchAction","target":{"@type":"EntryPoint","urlTemplate":"https:\/\/economia.uanl.mx\/?s={search_term_string}"},"query-input":{"@type":"PropertyValueSpecification","valueRequired":true,"valueName":"search_term_string"}}],"inLanguage":"en-US"}]}},"_links":{"self":[{"href":"https:\/\/economia.uanl.mx\/en\/wp-json\/wp\/v2\/pages\/1597","targetHints":{"allow":["GET"]}}],"collection":[{"href":"https:\/\/economia.uanl.mx\/en\/wp-json\/wp\/v2\/pages"}],"about":[{"href":"https:\/\/economia.uanl.mx\/en\/wp-json\/wp\/v2\/types\/page"}],"author":[{"embeddable":true,"href":"https:\/\/economia.uanl.mx\/en\/wp-json\/wp\/v2\/users\/2"}],"replies":[{"embeddable":true,"href":"https:\/\/economia.uanl.mx\/en\/wp-json\/wp\/v2\/comments?post=1597"}],"version-history":[{"count":58,"href":"https:\/\/economia.uanl.mx\/en\/wp-json\/wp\/v2\/pages\/1597\/revisions"}],"predecessor-version":[{"id":46877,"href":"https:\/\/economia.uanl.mx\/en\/wp-json\/wp\/v2\/pages\/1597\/revisions\/46877"}],"wp:attachment":[{"href":"https:\/\/economia.uanl.mx\/en\/wp-json\/wp\/v2\/media?parent=1597"}],"wp:term":[{"taxonomy":"post_tag","embeddable":true,"href":"https:\/\/economia.uanl.mx\/en\/wp-json\/wp\/v2\/tags?post=1597"}],"curies":[{"name":"wp","href":"https:\/\/api.w.org\/{rel}","templated":true}]}}